{"id":1166,"date":"2024-05-28T16:34:24","date_gmt":"2024-05-28T16:34:24","guid":{"rendered":"https:\/\/construkom.pt\/?page_id=1166"},"modified":"2025-01-29T16:30:45","modified_gmt":"2025-01-29T16:30:45","slug":"missao-visao-valores-e-compromissos","status":"publish","type":"page","link":"https:\/\/construkom.pt\/en\/sobre-nos\/missao-visao-valores-e-compromissos\/","title":{"rendered":"Mission, Vision, Values and Commitments"},"content":{"rendered":"<section class=\"section has-parallax\" id=\"section_41235193\">\n\t\t<div class=\"section-bg fill\" data-parallax-container=\".section\" data-parallax-background data-parallax=\"-3\">\n\t\t\t<img loading=\"lazy\" decoding=\"async\" width=\"1981\" height=\"1588\" src=\"https:\/\/construkom.pt\/wp-content\/uploads\/2024\/05\/riccardo-annandale-7e2pe9wjL9M-unsplash.jpg\" class=\"bg attachment-original size-original\" alt=\"\" \/>\t\t\t\t\t\t<div class=\"section-bg-overlay absolute fill\"><\/div>\n\t\t\t\n\n\t\t<\/div>\n\n\t\t\n\n\t\t<div class=\"section-content relative\">\n\t\t\t\n\n\t<div id=\"gap-2100378448\" class=\"gap-element clearfix\" style=\"display:block; height:auto;\">\n\t\t\n<style>\n#gap-2100378448 {\n  padding-top: 240px;\n}\n<\/style>\n\t<\/div>\n\t\n\n<div class=\"row\"  id=\"row-2016979797\">\n\n\n\t<div id=\"col-496908191\" class=\"col medium-9 small-12 large-9\"  data-animate=\"blurIn\">\n\t\t\t\t<div class=\"col-inner text-left\"  data-parallax-fade=\"true\" data-parallax=\"3\">\n\t\t\t\n\t\t\t\n\n\t<div id=\"text-3826789117\" class=\"text\">\n\t\t\n\n<h1><strong>Mission, Vision, Values and Commitments<\/strong><\/h1>\n\t\t\n<style>\n#text-3826789117 {\n  font-size: 1.5rem;\n  line-height: 1.4;\n  text-align: center;\n  color: rgb(255, 255, 255);\n}\n#text-3826789117 > * {\n  color: rgb(255, 255, 255);\n}\n@media (min-width:550px) {\n  #text-3826789117 {\n    text-align: left;\n  }\n}\n<\/style>\n\t<\/div>\n\t\n\t<div id=\"text-2251316408\" class=\"text\">\n\t\t\n\n<p class=\"translation-block\">We study the best technical solutions, research the <strong>costs of materials and labor<\/strong>, and provide quotes.<\/p>\n\t\t\n<style>\n#text-2251316408 {\n  font-size: 1.2rem;\n  line-height: 1.4;\n  text-align: center;\n  color: rgb(255, 255, 255);\n}\n#text-2251316408 > * {\n  color: rgb(255, 255, 255);\n}\n@media (min-width:550px) {\n  #text-2251316408 {\n    text-align: left;\n  }\n}\n<\/style>\n\t<\/div>\n\t\n\n\t\t<\/div>\n\t\t\t\t\n<style>\n#col-496908191 > .col-inner {\n  margin: 0px 0px -50px 0px;\n}\n<\/style>\n\t<\/div>\n\n\t\n\n\n<style>\n#row-2016979797 > .col > .col-inner {\n  padding: 0px 0px 0px 0px;\n}\n@media (min-width:550px) {\n  #row-2016979797 > .col > .col-inner {\n    padding: 0px 0px 0px 20px;\n  }\n}\n<\/style>\n<\/div>\n\n\t\t<\/div>\n\n\t\t\n<style>\n#section_41235193 {\n  padding-top: 50px;\n  padding-bottom: 50px;\n}\n#section_41235193 .section-bg-overlay {\n  background-color: rgba(76, 95, 106, 0.6);\n}\n#section_41235193 .section-bg img {\n  object-position: 49% 39%;\n}\n<\/style>\n\t<\/section>\n\t\n\n\t<section class=\"section\" id=\"section_2105234044\">\n\t\t<div class=\"section-bg fill\" >\n\t\t\t\t\t\t\t\t\t\n\t\t\t\n\n\t\t<\/div>\n\n\t\t\n\n\t\t<div class=\"section-content relative\">\n\t\t\t\n\n\t<div id=\"gap-1374435305\" class=\"gap-element clearfix show-for-small\" style=\"display:block; height:auto;\">\n\t\t\n<style>\n#gap-1374435305 {\n  padding-top: 30px;\n}\n<\/style>\n\t<\/div>\n\t\n\n<div class=\"row row-collapse row-full-width align-middle align-center\"  id=\"row-1751258025\">\n\n\n\t<div id=\"col-1448161851\" class=\"col medium-6 small-12 large-6\"  >\n\t\t\t\t<div class=\"col-inner text-center\"  data-parallax-fade=\"true\" data-parallax=\"3\">\n\t\t\t\n\t\t\t\n\n\t<div class=\"img has-hover rounded-corners x md-x lg-x y md-y lg-y\" id=\"image_1482315995\">\n\t\t\t\t\t\t\t\t<div class=\"img-inner dark\" >\n\t\t\t<img loading=\"lazy\" decoding=\"async\" width=\"1020\" height=\"677\" src=\"https:\/\/construkom.pt\/wp-content\/uploads\/2024\/05\/pexels-pixabay-159045-1024x680.jpg\" class=\"attachment-large size-large\" alt=\"\" srcset=\"https:\/\/construkom.pt\/wp-content\/uploads\/2024\/05\/pexels-pixabay-159045-1024x680.jpg 1024w, https:\/\/construkom.pt\/wp-content\/uploads\/2024\/05\/pexels-pixabay-159045-300x199.jpg 300w, https:\/\/construkom.pt\/wp-content\/uploads\/2024\/05\/pexels-pixabay-159045-768x510.jpg 768w, https:\/\/construkom.pt\/wp-content\/uploads\/2024\/05\/pexels-pixabay-159045-1536x1020.jpg 1536w, https:\/\/construkom.pt\/wp-content\/uploads\/2024\/05\/pexels-pixabay-159045-2048x1360.jpg 2048w\" sizes=\"auto, (max-width: 1020px) 100vw, 1020px\" \/>\t\t\t\t\t\t\n\t\t\t\t\t<\/div>\n\t\t\t\t\t\t\t\t\n<style>\n#image_1482315995 {\n  width: 90%;\n}\n@media (min-width:550px) {\n  #image_1482315995 {\n    width: 90%;\n  }\n}\n<\/style>\n\t<\/div>\n\t\n\n\n\t\t<\/div>\n\t\t\t\t\n<style>\n#col-1448161851 > .col-inner {\n  padding: 40px 0px 40px 0px;\n}\n<\/style>\n\t<\/div>\n\n\t\n\n\t<div id=\"col-261219167\" class=\"col medium-6 small-12 large-6\"  >\n\t\t\t\t<div class=\"col-inner text-left\"  data-parallax-fade=\"true\" data-parallax=\"3\">\n\t\t\t\n\t\t\t\n\n\t<div id=\"text-512122269\" class=\"text\">\n\t\t\n\n<h3><strong>Our mission<\/strong><\/h3>\n<p class=\"translation-block\">Constru Kom is a service company whose mission is to help clients to make <strong>decisions based on technical knowledge<\/strong> before building or remodeling their homes.<\/p>\n<p class=\"translation-block\">We study the best technical solutions, research the <strong>costs of materials and labor<\/strong>, and provide quotes.These give you a basis for comparison when requesting quotes from different builders.<\/p>\n<p class=\"translation-block\">Constru Kom's mission is to be the <strong>independent and impartial consultant<\/strong> that helps you, with its expertise, to build or rehabilitate your home in a way that ensures high-quality construction at controlled prices.<\/p>\n\t\t\n<style>\n#text-512122269 {\n  font-size: 1rem;\n  line-height: 1.4;\n  text-align: left;\n  color: rgb(255, 255, 255);\n}\n#text-512122269 > * {\n  color: rgb(255, 255, 255);\n}\n@media (min-width:550px) {\n  #text-512122269 {\n    font-size: 1rem;\n    text-align: left;\n  }\n}\n@media (min-width:850px) {\n  #text-512122269 {\n    font-size: 1rem;\n    line-height: 1.4;\n  }\n}\n<\/style>\n\t<\/div>\n\t\n\n\t\t<\/div>\n\t\t\t\t\n<style>\n#col-261219167 > .col-inner {\n  padding: 5% 5% 5% 5%;\n}\n<\/style>\n\t<\/div>\n\n\t\n\n<\/div>\n<div class=\"row row-collapse row-full-width align-middle align-center\"  id=\"row-1013401519\">\n\n\n\t<div id=\"col-364606419\" class=\"col medium-6 small-12 large-6\"  >\n\t\t\t\t<div class=\"col-inner text-left\"  data-parallax-fade=\"true\" data-parallax=\"3\">\n\t\t\t\n\t\t\t\n\n\t<div id=\"text-3083975034\" class=\"text\">\n\t\t\n\n<h3><strong>Our vision<\/strong><\/h3>\n<p class=\"translation-block\">Our vision is to <strong>advise<\/strong> everyone who wants to build or renovate their home so that they can <strong>make the right decisions<\/strong>, based on technical knowledge and rigorous, professional market research.<\/p>\n<p class=\"translation-block\">We also ensure that the <strong>work is carried out correctly<\/strong>, respecting good construction techniques and current legislation.<\/p>\n<p>In this way, we provide our clients with the expected result in terms of comfort, quality, and optimized prices.<\/p>\n\t\t\n<style>\n#text-3083975034 {\n  font-size: 1rem;\n  line-height: 1.4;\n  text-align: left;\n  color: rgb(255, 255, 255);\n}\n#text-3083975034 > * {\n  color: rgb(255, 255, 255);\n}\n@media (min-width:550px) {\n  #text-3083975034 {\n    font-size: 1rem;\n    text-align: left;\n  }\n}\n@media (min-width:850px) {\n  #text-3083975034 {\n    font-size: 1rem;\n    line-height: 1.4;\n  }\n}\n<\/style>\n\t<\/div>\n\t\n\n\t\t<\/div>\n\t\t\t\t\n<style>\n#col-364606419 > .col-inner {\n  padding: 5% 5% 5% 5%;\n}\n<\/style>\n\t<\/div>\n\n\t\n\n\t<div id=\"col-758479264\" class=\"col medium-6 small-12 large-6 small-col-first\"  >\n\t\t\t\t<div class=\"col-inner text-center\"  data-parallax-fade=\"true\" data-parallax=\"3\">\n\t\t\t\n\t\t\t\n\n\t<div class=\"img has-hover rounded-corners x md-x lg-x y md-y lg-y\" id=\"image_406458604\">\n\t\t\t\t\t\t\t\t<div class=\"img-inner dark\" >\n\t\t\t<img loading=\"lazy\" decoding=\"async\" width=\"1020\" height=\"680\" src=\"https:\/\/construkom.pt\/wp-content\/uploads\/2024\/05\/pexels-rodolfo-quir\u0e02s-2219024-1024x683.jpg\" class=\"attachment-large size-large\" alt=\"\" srcset=\"https:\/\/construkom.pt\/wp-content\/uploads\/2024\/05\/pexels-rodolfo-quir\u0e02s-2219024-1024x683.jpg 1024w, https:\/\/construkom.pt\/wp-content\/uploads\/2024\/05\/pexels-rodolfo-quir\u0e02s-2219024-300x200.jpg 300w, https:\/\/construkom.pt\/wp-content\/uploads\/2024\/05\/pexels-rodolfo-quir\u0e02s-2219024-768x512.jpg 768w, https:\/\/construkom.pt\/wp-content\/uploads\/2024\/05\/pexels-rodolfo-quir\u0e02s-2219024-1536x1024.jpg 1536w, https:\/\/construkom.pt\/wp-content\/uploads\/2024\/05\/pexels-rodolfo-quir\u0e02s-2219024-2048x1365.jpg 2048w\" sizes=\"auto, (max-width: 1020px) 100vw, 1020px\" \/>\t\t\t\t\t\t\n\t\t\t\t\t<\/div>\n\t\t\t\t\t\t\t\t\n<style>\n#image_406458604 {\n  width: 90%;\n}\n@media (min-width:550px) {\n  #image_406458604 {\n    width: 90%;\n  }\n}\n<\/style>\n\t<\/div>\n\t\n\n\n\t\t<\/div>\n\t\t\t\t\n<style>\n#col-758479264 > .col-inner {\n  padding: 40px 0px 40px 0px;\n}\n<\/style>\n\t<\/div>\n\n\t\n\n<\/div>\n<div class=\"row row-collapse row-full-width align-middle align-center\"  id=\"row-875898535\">\n\n\n\t<div id=\"col-1163034299\" class=\"col medium-6 small-12 large-6\"  >\n\t\t\t\t<div class=\"col-inner text-center\"  data-parallax-fade=\"true\" data-parallax=\"3\">\n\t\t\t\n\t\t\t\n\n\t<div class=\"img has-hover rounded-corners x md-x lg-x y md-y lg-y\" id=\"image_985557543\">\n\t\t\t\t\t\t\t\t<div class=\"img-inner dark\" >\n\t\t\t<img loading=\"lazy\" decoding=\"async\" width=\"1020\" height=\"765\" src=\"https:\/\/construkom.pt\/wp-content\/uploads\/2024\/05\/pexels-energepiccom-110469-1024x768.jpg\" class=\"attachment-large size-large\" alt=\"\" srcset=\"https:\/\/construkom.pt\/wp-content\/uploads\/2024\/05\/pexels-energepiccom-110469-1024x768.jpg 1024w, https:\/\/construkom.pt\/wp-content\/uploads\/2024\/05\/pexels-energepiccom-110469-300x225.jpg 300w, https:\/\/construkom.pt\/wp-content\/uploads\/2024\/05\/pexels-energepiccom-110469-768x576.jpg 768w, https:\/\/construkom.pt\/wp-content\/uploads\/2024\/05\/pexels-energepiccom-110469-1536x1152.jpg 1536w, https:\/\/construkom.pt\/wp-content\/uploads\/2024\/05\/pexels-energepiccom-110469-2048x1536.jpg 2048w\" sizes=\"auto, (max-width: 1020px) 100vw, 1020px\" \/>\t\t\t\t\t\t\n\t\t\t\t\t<\/div>\n\t\t\t\t\t\t\t\t\n<style>\n#image_985557543 {\n  width: 90%;\n}\n@media (min-width:550px) {\n  #image_985557543 {\n    width: 90%;\n  }\n}\n<\/style>\n\t<\/div>\n\t\n\n\n\t\t<\/div>\n\t\t\t\t\n<style>\n#col-1163034299 > .col-inner {\n  padding: 40px 0px 40px 0px;\n}\n<\/style>\n\t<\/div>\n\n\t\n\n\t<div id=\"col-517042303\" class=\"col medium-6 small-12 large-6\"  >\n\t\t\t\t<div class=\"col-inner text-left\"  data-parallax-fade=\"true\" data-parallax=\"3\">\n\t\t\t\n\t\t\t\n\n\t<div id=\"text-3229871151\" class=\"text\">\n\t\t\n\n<h3><strong>Our values<\/strong><\/h3>\n<p>Constru Kom is guided by a set of core values when carrying out its work.<\/p>\n<ol>\n<li>Respect for customers and their problems<\/li>\n<li>Fairness and equality towards clients, suppliers, and partners<\/li>\n<li>Professionalism<\/li>\n<li>Objectivity<\/li>\n<li>Availability<\/li>\n<li>Organization and planning<\/li>\n<li>Honesty and transparency<\/li>\n<li>Ability to anticipate problems<\/li>\n<\/ol>\n\t\t\n<style>\n#text-3229871151 {\n  font-size: 1rem;\n  line-height: 1.3;\n  text-align: left;\n  color: rgb(255, 255, 255);\n}\n#text-3229871151 > * {\n  color: rgb(255, 255, 255);\n}\n@media (min-width:550px) {\n  #text-3229871151 {\n    font-size: 1rem;\n    text-align: left;\n  }\n}\n@media (min-width:850px) {\n  #text-3229871151 {\n    font-size: 1rem;\n    line-height: 1.4;\n  }\n}\n<\/style>\n\t<\/div>\n\t\n\n\t\t<\/div>\n\t\t\t\t\n<style>\n#col-517042303 > .col-inner {\n  padding: 5% 5% 5% 5%;\n}\n<\/style>\n\t<\/div>\n\n\t\n\n<\/div>\n<div class=\"row row-collapse row-full-width align-middle align-center\"  id=\"row-394059538\">\n\n\n\t<div id=\"col-504687259\" class=\"col medium-6 small-12 large-6\"  >\n\t\t\t\t<div class=\"col-inner text-left\"  data-parallax-fade=\"true\" data-parallax=\"3\">\n\t\t\t\n\t\t\t\n\n\t<div id=\"text-1028115028\" class=\"text\">\n\t\t\n\n<h3><strong>Commitments<\/strong><\/h3>\n<p>We are committed to:<\/p>\n<ul>\n<li>Provide specific and detailed quotes<\/li>\n<li>Provide a quality service<\/li>\n<li>Meeting agreed on deadlines<\/li>\n<\/ul>\n\t\t\n<style>\n#text-1028115028 {\n  font-size: 1rem;\n  line-height: 1.4;\n  text-align: left;\n  color: rgb(255, 255, 255);\n}\n#text-1028115028 > * {\n  color: rgb(255, 255, 255);\n}\n@media (min-width:550px) {\n  #text-1028115028 {\n    font-size: 1rem;\n  }\n}\n@media (min-width:850px) {\n  #text-1028115028 {\n    font-size: 1rem;\n    line-height: 1.4;\n  }\n}\n<\/style>\n\t<\/div>\n\t\n\n\t\t<\/div>\n\t\t\t\t\n<style>\n#col-504687259 > .col-inner {\n  padding: 5% 5% 5% 5%;\n}\n<\/style>\n\t<\/div>\n\n\t\n\n\t<div id=\"col-1318652961\" class=\"col medium-6 small-12 large-6 small-col-first\"  >\n\t\t\t\t<div class=\"col-inner text-center\"  data-parallax-fade=\"true\" data-parallax=\"3\">\n\t\t\t\n\t\t\t\n\n\t<div class=\"img has-hover rounded-corners x md-x lg-x y md-y lg-y\" id=\"image_1172074812\">\n\t\t\t\t\t\t\t\t<div class=\"img-inner dark\" >\n\t\t\t<img loading=\"lazy\" decoding=\"async\" width=\"1020\" height=\"601\" src=\"https:\/\/construkom.pt\/wp-content\/uploads\/2024\/05\/pexels-pixabay-53621-1024x603.jpg\" class=\"attachment-large size-large\" alt=\"\" srcset=\"https:\/\/construkom.pt\/wp-content\/uploads\/2024\/05\/pexels-pixabay-53621-1024x603.jpg 1024w, https:\/\/construkom.pt\/wp-content\/uploads\/2024\/05\/pexels-pixabay-53621-300x177.jpg 300w, https:\/\/construkom.pt\/wp-content\/uploads\/2024\/05\/pexels-pixabay-53621-768x452.jpg 768w, https:\/\/construkom.pt\/wp-content\/uploads\/2024\/05\/pexels-pixabay-53621-1536x905.jpg 1536w, https:\/\/construkom.pt\/wp-content\/uploads\/2024\/05\/pexels-pixabay-53621-2048x1206.jpg 2048w\" sizes=\"auto, (max-width: 1020px) 100vw, 1020px\" \/>\t\t\t\t\t\t\n\t\t\t\t\t<\/div>\n\t\t\t\t\t\t\t\t\n<style>\n#image_1172074812 {\n  width: 90%;\n}\n@media (min-width:550px) {\n  #image_1172074812 {\n    width: 90%;\n  }\n}\n<\/style>\n\t<\/div>\n\t\n\n\n\t\t<\/div>\n\t\t\t\t\n<style>\n#col-1318652961 > .col-inner {\n  padding: 40px 0px 40px 0px;\n}\n<\/style>\n\t<\/div>\n\n\t\n\n<\/div>\n\n\t\t<\/div>\n\n\t\t\n<style>\n#section_2105234044 {\n  padding-top: 0px;\n  padding-bottom: 0px;\n  background-color: #4c5f6a;\n}\n<\/style>\n\t<\/section>\n\t\n<div class=\"message-box relative\" style=\"padding-top:30px;padding-bottom:30px;\"><div class=\"message-box-bg-image bg-fill fill\" ><\/div><div class=\"message-box-bg-overlay bg-fill fill\" style=\"background-color:rgb(210, 222, 228);\"><\/div><div class=\"container relative\"><div class=\"inner last-reset\">\n\n<div class=\"row row-collapse align-middle\"  id=\"row-708551038\">\n\n\n\t<div id=\"col-1140532124\" class=\"col medium-7 small-12 large-7\"  >\n\t\t\t\t<div class=\"col-inner text-left\"  >\n\t\t\t\n\t\t\t\n\n\t<div id=\"text-1502790281\" class=\"text\">\n\t\t\n\n<h3><strong>Stay up to date with the news!<\/strong><\/h3>\n\t\t\n<style>\n#text-1502790281 {\n  font-size: 1.2rem;\n  text-align: center;\n  color: rgb(76, 95, 106);\n}\n#text-1502790281 > * {\n  color: rgb(76, 95, 106);\n}\n@media (min-width:550px) {\n  #text-1502790281 {\n    font-size: 1.2rem;\n    text-align: left;\n  }\n}\n@media (min-width:850px) {\n  #text-1502790281 {\n    font-size: 1.4rem;\n  }\n}\n<\/style>\n\t<\/div>\n\t\n\n\t\t<\/div>\n\t\t\t\t\n<style>\n#col-1140532124 > .col-inner {\n  margin: 0px 0px -15px 0px;\n}\n<\/style>\n\t<\/div>\n\n\t\n\n\t<div id=\"col-1583372693\" class=\"col medium-5 small-12 large-5\"  >\n\t\t\t\t<div class=\"col-inner text-center\"  >\n\t\t\t\n\t\t\t\n\n\t<div id=\"gap-72287137\" class=\"gap-element clearfix\" style=\"display:block; height:auto;\">\n\t\t\n<style>\n#gap-72287137 {\n  padding-top: 30px;\n}\n@media (min-width:550px) {\n  #gap-72287137 {\n    padding-top: 0px;\n  }\n}\n@media (min-width:850px) {\n  #gap-72287137 {\n    padding-top: 0px;\n  }\n}\n<\/style>\n\t<\/div>\n\t\n\n\n<div class=\"wpcf7 no-js\" id=\"wpcf7-f1787-o1\" lang=\"pt-PT\" dir=\"ltr\" data-wpcf7-id=\"1787\">\n<div class=\"screen-reader-response\"><p role=\"status\" aria-live=\"polite\" aria-atomic=\"true\"><\/p> <ul><\/ul><\/div>\n<form action=\"\/en\/wp-json\/wp\/v2\/pages\/1166#wpcf7-f1787-o1\" method=\"post\" class=\"wpcf7-form init\" aria-label=\"Formul\u00e1rio de contacto\" novalidate=\"novalidate\" data-status=\"init\" data-trp-original-action=\"\/en\/wp-json\/wp\/v2\/pages\/1166#wpcf7-f1787-o1\">\n<fieldset class=\"hidden-fields-container\"><input type=\"hidden\" name=\"_wpcf7\" value=\"1787\" \/><input type=\"hidden\" name=\"_wpcf7_version\" value=\"6.1.1\" \/><input type=\"hidden\" name=\"_wpcf7_locale\" value=\"pt_PT\" \/><input type=\"hidden\" name=\"_wpcf7_unit_tag\" value=\"wpcf7-f1787-o1\" \/><input type=\"hidden\" name=\"_wpcf7_container_post\" value=\"0\" \/><input type=\"hidden\" name=\"_wpcf7_posted_data_hash\" value=\"\" \/><input type=\"hidden\" name=\"_wpcf7_recaptcha_response\" value=\"\" \/>\n<\/fieldset>\n<div class=\"flex-row medium-flex-wrap\">\n\t<div class=\"flex-col flex-grow\">\n\t\t<p><span class=\"wpcf7-form-control-wrap\" data-name=\"your-email\"><input size=\"40\" maxlength=\"400\" class=\"wpcf7-form-control wpcf7-email wpcf7-validates-as-required wpcf7-text wpcf7-validates-as-email\" aria-required=\"true\" aria-invalid=\"false\" placeholder=\"Email\" value=\"\" type=\"email\" name=\"your-email\" \/><\/span>\n\t\t<\/p>\n\t<\/div>\n\t<div class=\"flex-col\">\n\t\t<p><input type=\"submit\" value=\"Subscribe\" class=\"button-sec submit-nl expand\" \/>\n\t\t<\/p>\n\t<\/div>\n<\/div><div class=\"wpcf7-response-output\" aria-hidden=\"true\"><\/div>\n<input type=\"hidden\" name=\"trp-form-language\" value=\"en\"\/><\/form>\n<\/div>\n\n\n\n\t\t<\/div>\n\t\t\t\t\t<\/div>\n\n\t\n\n<\/div>\n\n<\/div><\/div><\/div>","protected":false},"excerpt":{"rendered":"","protected":false},"author":3,"featured_media":0,"parent":405,"menu_order":3,"comment_status":"closed","ping_status":"closed","template":"page-transparent-header-light.php","meta":{"footnotes":""},"class_list":["post-1166","page","type-page","status-publish","hentry"],"yoast_head":"<!-- This site is optimized with the Yoast SEO plugin v25.8 - https:\/\/yoast.com\/wordpress\/plugins\/seo\/ -->\n<title>Miss\u00e3o, Vis\u00e3o, Valores e Compromissos | Constru Kom 321<\/title>\n<meta name=\"description\" content=\"Estudamos as melhores solu\u00e7\u00f5es t\u00e9cnicas, pesquisamos os custos de materiais e m\u00e3o de obra e apresentamos or\u00e7amentos para o que pretende.\" \/>\n<meta name=\"robots\" content=\"index, follow, max-snippet:-1, max-image-preview:large, max-video-preview:-1\" \/>\n<link rel=\"canonical\" href=\"https:\/\/construkom.pt\/en\/sobre-nos\/missao-visao-valores-e-compromissos\/\" \/>\n<meta property=\"og:locale\" content=\"en_US\" \/>\n<meta property=\"og:type\" content=\"article\" \/>\n<meta property=\"og:title\" content=\"Miss\u00e3o, Vis\u00e3o, Valores e Compromissos | Constru Kom 321\" \/>\n<meta property=\"og:description\" content=\"Estudamos as melhores solu\u00e7\u00f5es t\u00e9cnicas, pesquisamos os custos de materiais e m\u00e3o de obra e apresentamos or\u00e7amentos para o que pretende.\" \/>\n<meta property=\"og:url\" content=\"https:\/\/construkom.pt\/en\/sobre-nos\/missao-visao-valores-e-compromissos\/\" \/>\n<meta property=\"og:site_name\" content=\"Constru Kom 321\" \/>\n<meta property=\"article:publisher\" content=\"https:\/\/www.facebook.com\/construkom321\/\" \/>\n<meta property=\"article:modified_time\" content=\"2025-01-29T16:30:45+00:00\" \/>\n<meta name=\"twitter:card\" content=\"summary_large_image\" \/>\n<meta name=\"twitter:label1\" content=\"Est. reading time\" \/>\n\t<meta name=\"twitter:data1\" content=\"3 minutes\" \/>\n<script type=\"application\/ld+json\" class=\"yoast-schema-graph\">{\"@context\":\"https:\/\/schema.org\",\"@graph\":[{\"@type\":\"WebPage\",\"@id\":\"https:\/\/construkom.pt\/sobre-nos\/missao-visao-valores-e-compromissos\/\",\"url\":\"https:\/\/construkom.pt\/sobre-nos\/missao-visao-valores-e-compromissos\/\",\"name\":\"Miss\u00e3o, Vis\u00e3o, Valores e Compromissos | Constru Kom 321\",\"isPartOf\":{\"@id\":\"https:\/\/construkom.pt\/#website\"},\"datePublished\":\"2024-05-28T16:34:24+00:00\",\"dateModified\":\"2025-01-29T16:30:45+00:00\",\"description\":\"Estudamos as melhores solu\u00e7\u00f5es t\u00e9cnicas, pesquisamos os custos de materiais e m\u00e3o de obra e apresentamos or\u00e7amentos para o que pretende.\",\"breadcrumb\":{\"@id\":\"https:\/\/construkom.pt\/sobre-nos\/missao-visao-valores-e-compromissos\/#breadcrumb\"},\"inLanguage\":\"en-US\",\"potentialAction\":[{\"@type\":\"ReadAction\",\"target\":[\"https:\/\/construkom.pt\/sobre-nos\/missao-visao-valores-e-compromissos\/\"]}]},{\"@type\":\"BreadcrumbList\",\"@id\":\"https:\/\/construkom.pt\/sobre-nos\/missao-visao-valores-e-compromissos\/#breadcrumb\",\"itemListElement\":[{\"@type\":\"ListItem\",\"position\":1,\"name\":\"In\u00edcio\",\"item\":\"https:\/\/construkom.pt\/\"},{\"@type\":\"ListItem\",\"position\":2,\"name\":\"Sobre n\u00f3s\",\"item\":\"https:\/\/construkom.pt\/sobre-nos\/\"},{\"@type\":\"ListItem\",\"position\":3,\"name\":\"Miss\u00e3o, Vis\u00e3o, Valores e Compromissos\"}]},{\"@type\":\"WebSite\",\"@id\":\"https:\/\/construkom.pt\/#website\",\"url\":\"https:\/\/construkom.pt\/\",\"name\":\"Constru Kom 321\",\"description\":\"Consultoria em engenharia e constru\u00e7\u00e3o civil em Gr\u00e2ndola\",\"publisher\":{\"@id\":\"https:\/\/construkom.pt\/#organization\"},\"potentialAction\":[{\"@type\":\"SearchAction\",\"target\":{\"@type\":\"EntryPoint\",\"urlTemplate\":\"https:\/\/construkom.pt\/?s={search_term_string}\"},\"query-input\":{\"@type\":\"PropertyValueSpecification\",\"valueRequired\":true,\"valueName\":\"search_term_string\"}}],\"inLanguage\":\"en-US\"},{\"@type\":\"Organization\",\"@id\":\"https:\/\/construkom.pt\/#organization\",\"name\":\"Constru Kom 321\",\"url\":\"https:\/\/construkom.pt\/\",\"logo\":{\"@type\":\"ImageObject\",\"inLanguage\":\"en-US\",\"@id\":\"https:\/\/construkom.pt\/#\/schema\/logo\/image\/\",\"url\":\"https:\/\/construkom.pt\/wp-content\/uploads\/2024\/06\/logo1.png\",\"contentUrl\":\"https:\/\/construkom.pt\/wp-content\/uploads\/2024\/06\/logo1.png\",\"width\":400,\"height\":81,\"caption\":\"Constru Kom 321\"},\"image\":{\"@id\":\"https:\/\/construkom.pt\/#\/schema\/logo\/image\/\"},\"sameAs\":[\"https:\/\/www.facebook.com\/construkom321\/\"]}]}<\/script>\n<!-- \/ Yoast SEO plugin. -->","yoast_head_json":{"title":"Miss\u00e3o, Vis\u00e3o, Valores e Compromissos | Constru Kom 321","description":"We study the best technical solutions, research the costs of materials and labor, and provide quotes.","robots":{"index":"index","follow":"follow","max-snippet":"max-snippet:-1","max-image-preview":"max-image-preview:large","max-video-preview":"max-video-preview:-1"},"canonical":"https:\/\/construkom.pt\/en\/sobre-nos\/missao-visao-valores-e-compromissos\/","og_locale":"en_US","og_type":"article","og_title":"Miss\u00e3o, Vis\u00e3o, Valores e Compromissos | Constru Kom 321","og_description":"Estudamos as melhores solu\u00e7\u00f5es t\u00e9cnicas, pesquisamos os custos de materiais e m\u00e3o de obra e apresentamos or\u00e7amentos para o que pretende.","og_url":"https:\/\/construkom.pt\/en\/sobre-nos\/missao-visao-valores-e-compromissos\/","og_site_name":"Constru Kom 321","article_publisher":"https:\/\/www.facebook.com\/construkom321\/","article_modified_time":"2025-01-29T16:30:45+00:00","twitter_card":"summary_large_image","twitter_misc":{"Est. reading time":"3 minutes"},"schema":{"@context":"https:\/\/schema.org","@graph":[{"@type":"WebPage","@id":"https:\/\/construkom.pt\/sobre-nos\/missao-visao-valores-e-compromissos\/","url":"https:\/\/construkom.pt\/sobre-nos\/missao-visao-valores-e-compromissos\/","name":"Miss\u00e3o, Vis\u00e3o, Valores e Compromissos | Constru Kom 321","isPartOf":{"@id":"https:\/\/construkom.pt\/#website"},"datePublished":"2024-05-28T16:34:24+00:00","dateModified":"2025-01-29T16:30:45+00:00","description":"We study the best technical solutions, research the costs of materials and labor, and provide quotes.","breadcrumb":{"@id":"https:\/\/construkom.pt\/sobre-nos\/missao-visao-valores-e-compromissos\/#breadcrumb"},"inLanguage":"en-US","potentialAction":[{"@type":"ReadAction","target":["https:\/\/construkom.pt\/sobre-nos\/missao-visao-valores-e-compromissos\/"]}]},{"@type":"BreadcrumbList","@id":"https:\/\/construkom.pt\/sobre-nos\/missao-visao-valores-e-compromissos\/#breadcrumb","itemListElement":[{"@type":"ListItem","position":1,"name":"In\u00edcio","item":"https:\/\/construkom.pt\/"},{"@type":"ListItem","position":2,"name":"Sobre n\u00f3s","item":"https:\/\/construkom.pt\/sobre-nos\/"},{"@type":"ListItem","position":3,"name":"Miss\u00e3o, Vis\u00e3o, Valores e Compromissos"}]},{"@type":"WebSite","@id":"https:\/\/construkom.pt\/#website","url":"https:\/\/construkom.pt\/","name":"Constru Kom 321","description":"Consultoria em engenharia e constru\u00e7\u00e3o civil em Gr\u00e2ndola","publisher":{"@id":"https:\/\/construkom.pt\/#organization"},"potentialAction":[{"@type":"SearchAction","target":{"@type":"EntryPoint","urlTemplate":"https:\/\/construkom.pt\/?s={search_term_string}"},"query-input":{"@type":"PropertyValueSpecification","valueRequired":true,"valueName":"search_term_string"}}],"inLanguage":"en-US"},{"@type":"Organization","@id":"https:\/\/construkom.pt\/#organization","name":"Constru Kom 321","url":"https:\/\/construkom.pt\/","logo":{"@type":"ImageObject","inLanguage":"en-US","@id":"https:\/\/construkom.pt\/#\/schema\/logo\/image\/","url":"https:\/\/construkom.pt\/wp-content\/uploads\/2024\/06\/logo1.png","contentUrl":"https:\/\/construkom.pt\/wp-content\/uploads\/2024\/06\/logo1.png","width":400,"height":81,"caption":"Constru Kom 321"},"image":{"@id":"https:\/\/construkom.pt\/#\/schema\/logo\/image\/"},"sameAs":["https:\/\/www.facebook.com\/construkom321\/"]}]}},"_links":{"self":[{"href":"https:\/\/construkom.pt\/en\/wp-json\/wp\/v2\/pages\/1166","targetHints":{"allow":["GET"]}}],"collection":[{"href":"https:\/\/construkom.pt\/en\/wp-json\/wp\/v2\/pages"}],"about":[{"href":"https:\/\/construkom.pt\/en\/wp-json\/wp\/v2\/types\/page"}],"author":[{"embeddable":true,"href":"https:\/\/construkom.pt\/en\/wp-json\/wp\/v2\/users\/3"}],"replies":[{"embeddable":true,"href":"https:\/\/construkom.pt\/en\/wp-json\/wp\/v2\/comments?post=1166"}],"version-history":[{"count":59,"href":"https:\/\/construkom.pt\/en\/wp-json\/wp\/v2\/pages\/1166\/revisions"}],"predecessor-version":[{"id":2863,"href":"https:\/\/construkom.pt\/en\/wp-json\/wp\/v2\/pages\/1166\/revisions\/2863"}],"up":[{"embeddable":true,"href":"https:\/\/construkom.pt\/en\/wp-json\/wp\/v2\/pages\/405"}],"wp:attachment":[{"href":"https:\/\/construkom.pt\/en\/wp-json\/wp\/v2\/media?parent=1166"}],"curies":[{"name":"wp","href":"https:\/\/api.w.org\/{rel}","templated":true}]}}