{"id":1198,"date":"2024-05-28T17:26:02","date_gmt":"2024-05-28T17:26:02","guid":{"rendered":"https:\/\/construkom.pt\/?page_id=1198"},"modified":"2025-01-29T16:31:41","modified_gmt":"2025-01-29T16:31:41","slug":"historia","status":"publish","type":"page","link":"https:\/\/construkom.pt\/en\/sobre-nos\/historia\/","title":{"rendered":"History"},"content":{"rendered":"<section class=\"section has-parallax\" id=\"section_1143414590\">\n\t\t<div class=\"section-bg fill\" data-parallax-container=\".section\" data-parallax-background data-parallax=\"-3\">\n\t\t\t<img loading=\"lazy\" decoding=\"async\" width=\"1920\" height=\"1280\" src=\"https:\/\/construkom.pt\/wp-content\/uploads\/2024\/05\/floor-plan-1857175_1920.jpg\" class=\"bg attachment- size-\" alt=\"\" \/>\t\t\t\t\t\t<div class=\"section-bg-overlay absolute fill\"><\/div>\n\t\t\t\n\n\t\t<\/div>\n\n\t\t\n\n\t\t<div class=\"section-content relative\">\n\t\t\t\n\n\t<div id=\"gap-2055495292\" class=\"gap-element clearfix\" style=\"display:block; height:auto;\">\n\t\t\n<style>\n#gap-2055495292 {\n  padding-top: 240px;\n}\n@media (min-width:550px) {\n  #gap-2055495292 {\n    padding-top: 240px;\n  }\n}\n<\/style>\n\t<\/div>\n\t\n\n<div class=\"row\"  id=\"row-206770422\">\n\n\n\t<div id=\"col-1262600336\" class=\"col medium-9 small-12 large-9\"  data-animate=\"blurIn\">\n\t\t\t\t<div class=\"col-inner text-left\"  data-parallax-fade=\"true\" data-parallax=\"3\">\n\t\t\t\n\t\t\t\n\n\t<div id=\"text-2866587882\" class=\"text\">\n\t\t\n\n<h1><strong>History of <br \/>Constru Kom<\/strong><\/h1>\n\t\t\n<style>\n#text-2866587882 {\n  font-size: 1.5rem;\n  line-height: 1.4;\n  text-align: center;\n  color: rgb(255, 255, 255);\n}\n#text-2866587882 > * {\n  color: rgb(255, 255, 255);\n}\n@media (min-width:550px) {\n  #text-2866587882 {\n    text-align: left;\n  }\n}\n<\/style>\n\t<\/div>\n\t\n\t<div id=\"text-2872136054\" class=\"text\">\n\t\t\n\n<p>The interest and dedication to construction began in 1987, when Mr. Manuel dos Santos Guerreiro founded the company: Manuel dos Santos Guerreiro Revestimentos e Decora\u00e7\u00f5es in Gr\u00e2ndola.<\/p>\n\t\t\n<style>\n#text-2872136054 {\n  font-size: 1.2rem;\n  line-height: 1.4;\n  text-align: center;\n  color: rgb(255, 255, 255);\n}\n#text-2872136054 > * {\n  color: rgb(255, 255, 255);\n}\n@media (min-width:550px) {\n  #text-2872136054 {\n    text-align: left;\n  }\n}\n<\/style>\n\t<\/div>\n\t\n\n\t\t<\/div>\n\t\t\t\t\n<style>\n#col-1262600336 > .col-inner {\n  margin: 0px 0px -50px 0px;\n}\n@media (min-width:550px) {\n  #col-1262600336 > .col-inner {\n    margin: 0px 0px -50px 0px;\n  }\n}\n<\/style>\n\t<\/div>\n\n\t\n\n\n<style>\n#row-206770422 > .col > .col-inner {\n  padding: 0px 0px 0px 0px;\n}\n@media (min-width:550px) {\n  #row-206770422 > .col > .col-inner {\n    padding: 0px 0px 0px 20px;\n  }\n}\n<\/style>\n<\/div>\n\n\t\t<\/div>\n\n\t\t\n<style>\n#section_1143414590 {\n  padding-top: 50px;\n  padding-bottom: 50px;\n}\n#section_1143414590 .section-bg-overlay {\n  background-color: rgba(76, 95, 106, 0.6);\n}\n#section_1143414590 .section-bg img {\n  object-position: 60% 6%;\n}\n<\/style>\n\t<\/section>\n\t\n\n\t<section class=\"section\" id=\"section_648918361\">\n\t\t<div class=\"section-bg fill\" >\n\t\t\t\t\t\t\t\t\t\n\t\t\t\n\n\t\t<\/div>\n\n\t\t\n\n\t\t<div class=\"section-content relative\">\n\t\t\t\n\n\t<div id=\"gap-78650737\" class=\"gap-element clearfix show-for-small\" style=\"display:block; height:auto;\">\n\t\t\n<style>\n#gap-78650737 {\n  padding-top: 30px;\n}\n<\/style>\n\t<\/div>\n\t\n\n<div class=\"row row-collapse row-full-width align-middle align-center\"  id=\"row-326715250\">\n\n\n\t<div id=\"col-643823000\" class=\"col medium-6 small-12 large-6 small-col-first\"  >\n\t\t\t\t<div class=\"col-inner text-center\"  data-parallax-fade=\"true\" data-parallax=\"3\">\n\t\t\t\n\t\t\t\n\n\t<div class=\"img has-hover rounded-corners x md-x lg-x y md-y lg-y\" id=\"image_2119180971\">\n\t\t\t\t\t\t\t\t<div class=\"img-inner dark\" >\n\t\t\t<img loading=\"lazy\" decoding=\"async\" width=\"1020\" height=\"615\" src=\"https:\/\/construkom.pt\/wp-content\/uploads\/2024\/05\/architect-3979490_1920-1024x617.jpg\" class=\"attachment-large size-large\" alt=\"\" srcset=\"https:\/\/construkom.pt\/wp-content\/uploads\/2024\/05\/architect-3979490_1920-1024x617.jpg 1024w, https:\/\/construkom.pt\/wp-content\/uploads\/2024\/05\/architect-3979490_1920-300x181.jpg 300w, https:\/\/construkom.pt\/wp-content\/uploads\/2024\/05\/architect-3979490_1920-768x462.jpg 768w, https:\/\/construkom.pt\/wp-content\/uploads\/2024\/05\/architect-3979490_1920-1536x925.jpg 1536w, https:\/\/construkom.pt\/wp-content\/uploads\/2024\/05\/architect-3979490_1920.jpg 1920w\" sizes=\"auto, (max-width: 1020px) 100vw, 1020px\" \/>\t\t\t\t\t\t\n\t\t\t\t\t<\/div>\n\t\t\t\t\t\t\t\t\n<style>\n#image_2119180971 {\n  width: 90%;\n}\n@media (min-width:550px) {\n  #image_2119180971 {\n    width: 90%;\n  }\n}\n<\/style>\n\t<\/div>\n\t\n\n\n\t\t<\/div>\n\t\t\t\t\n<style>\n#col-643823000 > .col-inner {\n  padding: 40px 0px 40px 0px;\n}\n<\/style>\n\t<\/div>\n\n\t\n\n\t<div id=\"col-22100944\" class=\"col medium-6 small-12 large-6\"  >\n\t\t\t\t<div class=\"col-inner\"  data-parallax-fade=\"true\" data-parallax=\"3\">\n\t\t\t\n\t\t\t\n\n\t<div id=\"text-2178003831\" class=\"text\">\n\t\t\n\n<p>It all started with small remodeling jobs, improvements, and maintenance, right up to building houses. From the start, the aim was to solve customers' problems with high-quality construction solutions at controlled costs.<\/p>\n<p>It was in this environment that Carlos Guerreiro grew up, and from an early age, he showed an interest in building and renovating houses, following, and learning from his father.<\/p>\n\t\t\n<style>\n#text-2178003831 {\n  font-size: 1rem;\n  line-height: 1.3;\n  text-align: left;\n}\n@media (min-width:550px) {\n  #text-2178003831 {\n    font-size: 1.1rem;\n  }\n}\n@media (min-width:850px) {\n  #text-2178003831 {\n    font-size: 1.1rem;\n    line-height: 1.4;\n    text-align: left;\n  }\n}\n<\/style>\n\t<\/div>\n\t\n\n\t\t<\/div>\n\t\t\t\t\n<style>\n#col-22100944 > .col-inner {\n  padding: 5% 5% 5% 5%;\n}\n<\/style>\n\t<\/div>\n\n\t\n\n<\/div>\n<div class=\"row row-collapse row-full-width align-middle align-center\"  id=\"row-309742560\">\n\n\n\t<div id=\"col-913543711\" class=\"col medium-6 small-12 large-6\"  >\n\t\t\t\t<div class=\"col-inner\"  data-parallax-fade=\"true\" data-parallax=\"3\">\n\t\t\t\n\t\t\t\n\n\t<div id=\"text-2315706342\" class=\"text\">\n\t\t\n\n<p>In 2003 he set up his own company, Construllab, dedicated to construction and engineering. <\/p>\n<p>Constru Kom, a construction and engineering company, was founded in 2009 because of his long experience in the construction and refurbishment of buildings.<\/p>\n\t\t\n<style>\n#text-2315706342 {\n  font-size: 1rem;\n  line-height: 1.4;\n  text-align: left;\n}\n@media (min-width:550px) {\n  #text-2315706342 {\n    font-size: 1.1rem;\n  }\n}\n@media (min-width:850px) {\n  #text-2315706342 {\n    text-align: left;\n  }\n}\n<\/style>\n\t<\/div>\n\t\n\n\t\t<\/div>\n\t\t\t\t\n<style>\n#col-913543711 > .col-inner {\n  padding: 5% 5% 5% 5%;\n}\n<\/style>\n\t<\/div>\n\n\t\n\n\t<div id=\"col-1996103626\" class=\"col medium-6 small-12 large-6 small-col-first\"  >\n\t\t\t\t<div class=\"col-inner text-center\"  data-parallax-fade=\"true\" data-parallax=\"3\">\n\t\t\t\n\t\t\t\n\n\t<div class=\"img has-hover rounded-corners x md-x lg-x y md-y lg-y\" id=\"image_589019430\">\n\t\t\t\t\t\t\t\t<div class=\"img-inner dark\" >\n\t\t\t<img loading=\"lazy\" decoding=\"async\" width=\"1020\" height=\"680\" src=\"https:\/\/construkom.pt\/wp-content\/uploads\/2024\/05\/scott-graham-5fNmWej4tAA-unsplash-1024x683.jpg\" class=\"attachment-large size-large\" alt=\"\" srcset=\"https:\/\/construkom.pt\/wp-content\/uploads\/2024\/05\/scott-graham-5fNmWej4tAA-unsplash-1024x683.jpg 1024w, https:\/\/construkom.pt\/wp-content\/uploads\/2024\/05\/scott-graham-5fNmWej4tAA-unsplash-300x200.jpg 300w, https:\/\/construkom.pt\/wp-content\/uploads\/2024\/05\/scott-graham-5fNmWej4tAA-unsplash-768x513.jpg 768w\" sizes=\"auto, (max-width: 1020px) 100vw, 1020px\" \/>\t\t\t\t\t\t\n\t\t\t\t\t<\/div>\n\t\t\t\t\t\t\t\t\n<style>\n#image_589019430 {\n  width: 90%;\n}\n@media (min-width:550px) {\n  #image_589019430 {\n    width: 90%;\n  }\n}\n<\/style>\n\t<\/div>\n\t\n\n\n\t\t<\/div>\n\t\t\t\t\n<style>\n#col-1996103626 > .col-inner {\n  padding: 40px 0px 40px 0px;\n}\n<\/style>\n\t<\/div>\n\n\t\n\n<\/div>\n<div class=\"row row-collapse row-full-width align-middle align-center\"  id=\"row-518728167\">\n\n\n\t<div id=\"col-710802534\" class=\"col medium-6 small-12 large-6 small-col-first\"  >\n\t\t\t\t<div class=\"col-inner text-center\"  data-parallax-fade=\"true\" data-parallax=\"3\">\n\t\t\t\n\t\t\t\n\n\t<div class=\"img has-hover rounded-corners x md-x lg-x y md-y lg-y\" id=\"image_2095549974\">\n\t\t\t\t\t\t\t\t<div class=\"img-inner dark\" >\n\t\t\t<img loading=\"lazy\" decoding=\"async\" width=\"2560\" height=\"1708\" src=\"https:\/\/construkom.pt\/wp-content\/uploads\/2024\/06\/close-up-men-with-safety-vests-helmet-scaled.jpg\" class=\"attachment-original size-original\" alt=\"\" srcset=\"https:\/\/construkom.pt\/wp-content\/uploads\/2024\/06\/close-up-men-with-safety-vests-helmet-scaled.jpg 2560w, https:\/\/construkom.pt\/wp-content\/uploads\/2024\/06\/close-up-men-with-safety-vests-helmet-300x200.jpg 300w, https:\/\/construkom.pt\/wp-content\/uploads\/2024\/06\/close-up-men-with-safety-vests-helmet-1024x683.jpg 1024w, https:\/\/construkom.pt\/wp-content\/uploads\/2024\/06\/close-up-men-with-safety-vests-helmet-768x513.jpg 768w\" sizes=\"auto, (max-width: 2560px) 100vw, 2560px\" \/>\t\t\t\t\t\t\n\t\t\t\t\t<\/div>\n\t\t\t\t\t\t\t\t\n<style>\n#image_2095549974 {\n  width: 90%;\n}\n@media (min-width:550px) {\n  #image_2095549974 {\n    width: 90%;\n  }\n}\n<\/style>\n\t<\/div>\n\t\n\n\n\t\t<\/div>\n\t\t\t\t\n<style>\n#col-710802534 > .col-inner {\n  padding: 40px 0px 40px 0px;\n}\n<\/style>\n\t<\/div>\n\n\t\n\n\t<div id=\"col-244768342\" class=\"col medium-6 small-12 large-6\"  >\n\t\t\t\t<div class=\"col-inner\"  data-parallax-fade=\"true\" data-parallax=\"3\">\n\t\t\t\n\t\t\t\n\n\t<div id=\"text-2254029605\" class=\"text\">\n\t\t\n\n<p class=\"translation-block\"><strong>There are more than 25 years of experience and technical knowledge.<\/strong> His focus was on the construction and mainly the improvement of buildings, making them more efficient, more comfortable and more pleasant for their owners.<\/p>\n<p class=\"translation-block\">Because of of his long experience, he decided to open a <strong>consultancy business for building, remodeling, or buying\/selling houses.<\/strong><\/p>\n\t\t\n<style>\n#text-2254029605 {\n  font-size: 1rem;\n  line-height: 1.4;\n  text-align: left;\n}\n@media (min-width:550px) {\n  #text-2254029605 {\n    font-size: 1.1rem;\n  }\n}\n@media (min-width:850px) {\n  #text-2254029605 {\n    text-align: left;\n  }\n}\n<\/style>\n\t<\/div>\n\t\n\n\t\t<\/div>\n\t\t\t\t\n<style>\n#col-244768342 > .col-inner {\n  padding: 5% 5% 5% 5%;\n}\n<\/style>\n\t<\/div>\n\n\t\n\n<\/div>\n\n\t\t<\/div>\n\n\t\t\n<style>\n#section_648918361 {\n  padding-top: 0px;\n  padding-bottom: 0px;\n}\n<\/style>\n\t<\/section>\n\t\n<div class=\"message-box relative\" style=\"padding-top:30px;padding-bottom:30px;\"><div class=\"message-box-bg-image bg-fill fill\" ><\/div><div class=\"message-box-bg-overlay bg-fill fill\" style=\"background-color:rgb(210, 222, 228);\"><\/div><div class=\"container relative\"><div class=\"inner last-reset\">\n\n<div class=\"row row-collapse align-middle\"  id=\"row-1024784484\">\n\n\n\t<div id=\"col-1130947056\" class=\"col medium-7 small-12 large-7\"  >\n\t\t\t\t<div class=\"col-inner text-left\"  >\n\t\t\t\n\t\t\t\n\n\t<div id=\"text-856629654\" class=\"text\">\n\t\t\n\n<h3><strong>Stay up to date with the news!<\/strong><\/h3>\n\t\t\n<style>\n#text-856629654 {\n  font-size: 1.2rem;\n  text-align: center;\n  color: rgb(76, 95, 106);\n}\n#text-856629654 > * {\n  color: rgb(76, 95, 106);\n}\n@media (min-width:550px) {\n  #text-856629654 {\n    font-size: 1.2rem;\n    text-align: left;\n  }\n}\n@media (min-width:850px) {\n  #text-856629654 {\n    font-size: 1.4rem;\n  }\n}\n<\/style>\n\t<\/div>\n\t\n\n\t\t<\/div>\n\t\t\t\t\n<style>\n#col-1130947056 > .col-inner {\n  margin: 0px 0px -15px 0px;\n}\n<\/style>\n\t<\/div>\n\n\t\n\n\t<div id=\"col-1570743096\" class=\"col medium-5 small-12 large-5\"  >\n\t\t\t\t<div class=\"col-inner text-center\"  >\n\t\t\t\n\t\t\t\n\n\t<div id=\"gap-1064463082\" class=\"gap-element clearfix\" style=\"display:block; height:auto;\">\n\t\t\n<style>\n#gap-1064463082 {\n  padding-top: 30px;\n}\n@media (min-width:550px) {\n  #gap-1064463082 {\n    padding-top: 0px;\n  }\n}\n@media (min-width:850px) {\n  #gap-1064463082 {\n    padding-top: 0px;\n  }\n}\n<\/style>\n\t<\/div>\n\t\n\n\n<div class=\"wpcf7 no-js\" id=\"wpcf7-f1787-o1\" lang=\"pt-PT\" dir=\"ltr\" data-wpcf7-id=\"1787\">\n<div class=\"screen-reader-response\"><p role=\"status\" aria-live=\"polite\" aria-atomic=\"true\"><\/p> <ul><\/ul><\/div>\n<form action=\"\/en\/wp-json\/wp\/v2\/pages\/1198#wpcf7-f1787-o1\" method=\"post\" class=\"wpcf7-form init\" aria-label=\"Formul\u00e1rio de contacto\" novalidate=\"novalidate\" data-status=\"init\" data-trp-original-action=\"\/en\/wp-json\/wp\/v2\/pages\/1198#wpcf7-f1787-o1\">\n<fieldset class=\"hidden-fields-container\"><input type=\"hidden\" name=\"_wpcf7\" value=\"1787\" \/><input type=\"hidden\" name=\"_wpcf7_version\" value=\"6.1.1\" \/><input type=\"hidden\" name=\"_wpcf7_locale\" value=\"pt_PT\" \/><input type=\"hidden\" name=\"_wpcf7_unit_tag\" value=\"wpcf7-f1787-o1\" \/><input type=\"hidden\" name=\"_wpcf7_container_post\" value=\"0\" \/><input type=\"hidden\" name=\"_wpcf7_posted_data_hash\" value=\"\" \/><input type=\"hidden\" name=\"_wpcf7_recaptcha_response\" value=\"\" \/>\n<\/fieldset>\n<div class=\"flex-row medium-flex-wrap\">\n\t<div class=\"flex-col flex-grow\">\n\t\t<p><span class=\"wpcf7-form-control-wrap\" data-name=\"your-email\"><input size=\"40\" maxlength=\"400\" class=\"wpcf7-form-control wpcf7-email wpcf7-validates-as-required wpcf7-text wpcf7-validates-as-email\" aria-required=\"true\" aria-invalid=\"false\" placeholder=\"Email\" value=\"\" type=\"email\" name=\"your-email\" \/><\/span>\n\t\t<\/p>\n\t<\/div>\n\t<div class=\"flex-col\">\n\t\t<p><input type=\"submit\" value=\"Subscribe\" class=\"button-sec submit-nl expand\" \/>\n\t\t<\/p>\n\t<\/div>\n<\/div><div class=\"wpcf7-response-output\" aria-hidden=\"true\"><\/div>\n<input type=\"hidden\" name=\"trp-form-language\" value=\"en\"\/><\/form>\n<\/div>\n\n\n\n\t\t<\/div>\n\t\t\t\t\t<\/div>\n\n\t\n\n<\/div>\n\n<\/div><\/div><\/div>","protected":false},"excerpt":{"rendered":"","protected":false},"author":3,"featured_media":0,"parent":405,"menu_order":4,"comment_status":"closed","ping_status":"closed","template":"page-transparent-header-light.php","meta":{"footnotes":""},"class_list":["post-1198","page","type-page","status-publish","hentry"],"yoast_head":"<!-- This site is optimized with the Yoast SEO plugin v25.8 - https:\/\/yoast.com\/wordpress\/plugins\/seo\/ -->\n<title>Hist\u00f3ria | Constru Kom 321 | Consultoria em engenharia e constru\u00e7\u00e3o civil<\/title>\n<meta name=\"description\" content=\"O interesse e dedica\u00e7\u00e3o pela constru\u00e7\u00e3o civil come\u00e7ou em 1987, quando o Sr. Manuel dos Santos Guerreiro fundou em Gr\u00e2ndola a empresa: Manuel dos Santos Guerreiro Revestimentos e Decora\u00e7\u00f5es.\" \/>\n<meta name=\"robots\" content=\"index, follow, max-snippet:-1, max-image-preview:large, max-video-preview:-1\" \/>\n<link rel=\"canonical\" href=\"https:\/\/construkom.pt\/en\/sobre-nos\/historia\/\" \/>\n<meta property=\"og:locale\" content=\"en_US\" \/>\n<meta property=\"og:type\" content=\"article\" \/>\n<meta property=\"og:title\" content=\"Hist\u00f3ria | Constru Kom 321 | Consultoria em engenharia e constru\u00e7\u00e3o civil\" \/>\n<meta property=\"og:description\" content=\"O interesse e dedica\u00e7\u00e3o pela constru\u00e7\u00e3o civil come\u00e7ou em 1987, quando o Sr. Manuel dos Santos Guerreiro fundou em Gr\u00e2ndola a empresa: Manuel dos Santos Guerreiro Revestimentos e Decora\u00e7\u00f5es.\" \/>\n<meta property=\"og:url\" content=\"https:\/\/construkom.pt\/en\/sobre-nos\/historia\/\" \/>\n<meta property=\"og:site_name\" content=\"Constru Kom 321\" \/>\n<meta property=\"article:publisher\" content=\"https:\/\/www.facebook.com\/construkom321\/\" \/>\n<meta property=\"article:modified_time\" content=\"2025-01-29T16:31:41+00:00\" \/>\n<meta name=\"twitter:card\" content=\"summary_large_image\" \/>\n<meta name=\"twitter:label1\" content=\"Est. reading time\" \/>\n\t<meta name=\"twitter:data1\" content=\"3 minutes\" \/>\n<script type=\"application\/ld+json\" class=\"yoast-schema-graph\">{\"@context\":\"https:\/\/schema.org\",\"@graph\":[{\"@type\":\"WebPage\",\"@id\":\"https:\/\/construkom.pt\/sobre-nos\/historia\/\",\"url\":\"https:\/\/construkom.pt\/sobre-nos\/historia\/\",\"name\":\"Hist\u00f3ria | Constru Kom 321 | Consultoria em engenharia e constru\u00e7\u00e3o civil\",\"isPartOf\":{\"@id\":\"https:\/\/construkom.pt\/#website\"},\"datePublished\":\"2024-05-28T17:26:02+00:00\",\"dateModified\":\"2025-01-29T16:31:41+00:00\",\"description\":\"O interesse e dedica\u00e7\u00e3o pela constru\u00e7\u00e3o civil come\u00e7ou em 1987, quando o Sr. Manuel dos Santos Guerreiro fundou em Gr\u00e2ndola a empresa: Manuel dos Santos Guerreiro Revestimentos e Decora\u00e7\u00f5es.\",\"breadcrumb\":{\"@id\":\"https:\/\/construkom.pt\/sobre-nos\/historia\/#breadcrumb\"},\"inLanguage\":\"en-US\",\"potentialAction\":[{\"@type\":\"ReadAction\",\"target\":[\"https:\/\/construkom.pt\/sobre-nos\/historia\/\"]}]},{\"@type\":\"BreadcrumbList\",\"@id\":\"https:\/\/construkom.pt\/sobre-nos\/historia\/#breadcrumb\",\"itemListElement\":[{\"@type\":\"ListItem\",\"position\":1,\"name\":\"In\u00edcio\",\"item\":\"https:\/\/construkom.pt\/\"},{\"@type\":\"ListItem\",\"position\":2,\"name\":\"Sobre n\u00f3s\",\"item\":\"https:\/\/construkom.pt\/sobre-nos\/\"},{\"@type\":\"ListItem\",\"position\":3,\"name\":\"Hist\u00f3ria\"}]},{\"@type\":\"WebSite\",\"@id\":\"https:\/\/construkom.pt\/#website\",\"url\":\"https:\/\/construkom.pt\/\",\"name\":\"Constru Kom 321\",\"description\":\"Consultoria em engenharia e constru\u00e7\u00e3o civil em Gr\u00e2ndola\",\"publisher\":{\"@id\":\"https:\/\/construkom.pt\/#organization\"},\"potentialAction\":[{\"@type\":\"SearchAction\",\"target\":{\"@type\":\"EntryPoint\",\"urlTemplate\":\"https:\/\/construkom.pt\/?s={search_term_string}\"},\"query-input\":{\"@type\":\"PropertyValueSpecification\",\"valueRequired\":true,\"valueName\":\"search_term_string\"}}],\"inLanguage\":\"en-US\"},{\"@type\":\"Organization\",\"@id\":\"https:\/\/construkom.pt\/#organization\",\"name\":\"Constru Kom 321\",\"url\":\"https:\/\/construkom.pt\/\",\"logo\":{\"@type\":\"ImageObject\",\"inLanguage\":\"en-US\",\"@id\":\"https:\/\/construkom.pt\/#\/schema\/logo\/image\/\",\"url\":\"https:\/\/construkom.pt\/wp-content\/uploads\/2024\/06\/logo1.png\",\"contentUrl\":\"https:\/\/construkom.pt\/wp-content\/uploads\/2024\/06\/logo1.png\",\"width\":400,\"height\":81,\"caption\":\"Constru Kom 321\"},\"image\":{\"@id\":\"https:\/\/construkom.pt\/#\/schema\/logo\/image\/\"},\"sameAs\":[\"https:\/\/www.facebook.com\/construkom321\/\"]}]}<\/script>\n<!-- \/ Yoast SEO plugin. -->","yoast_head_json":{"title":"Hist\u00f3ria | Constru Kom 321 | Consultoria em engenharia e constru\u00e7\u00e3o civil","description":"The interest and dedication to construction began in 1987, when Mr. Manuel dos Santos Guerreiro founded the company: Manuel dos Santos Guerreiro Revestimentos e Decora\u00e7\u00f5es in Gr\u00e2ndola.","robots":{"index":"index","follow":"follow","max-snippet":"max-snippet:-1","max-image-preview":"max-image-preview:large","max-video-preview":"max-video-preview:-1"},"canonical":"https:\/\/construkom.pt\/en\/sobre-nos\/historia\/","og_locale":"en_US","og_type":"article","og_title":"Hist\u00f3ria | Constru Kom 321 | Consultoria em engenharia e constru\u00e7\u00e3o civil","og_description":"O interesse e dedica\u00e7\u00e3o pela constru\u00e7\u00e3o civil come\u00e7ou em 1987, quando o Sr. Manuel dos Santos Guerreiro fundou em Gr\u00e2ndola a empresa: Manuel dos Santos Guerreiro Revestimentos e Decora\u00e7\u00f5es.","og_url":"https:\/\/construkom.pt\/en\/sobre-nos\/historia\/","og_site_name":"Constru Kom 321","article_publisher":"https:\/\/www.facebook.com\/construkom321\/","article_modified_time":"2025-01-29T16:31:41+00:00","twitter_card":"summary_large_image","twitter_misc":{"Est. reading time":"3 minutes"},"schema":{"@context":"https:\/\/schema.org","@graph":[{"@type":"WebPage","@id":"https:\/\/construkom.pt\/sobre-nos\/historia\/","url":"https:\/\/construkom.pt\/sobre-nos\/historia\/","name":"Hist\u00f3ria | Constru Kom 321 | Consultoria em engenharia e constru\u00e7\u00e3o civil","isPartOf":{"@id":"https:\/\/construkom.pt\/#website"},"datePublished":"2024-05-28T17:26:02+00:00","dateModified":"2025-01-29T16:31:41+00:00","description":"The interest and dedication to construction began in 1987, when Mr. Manuel dos Santos Guerreiro founded the company: Manuel dos Santos Guerreiro Revestimentos e Decora\u00e7\u00f5es in Gr\u00e2ndola.","breadcrumb":{"@id":"https:\/\/construkom.pt\/sobre-nos\/historia\/#breadcrumb"},"inLanguage":"en-US","potentialAction":[{"@type":"ReadAction","target":["https:\/\/construkom.pt\/sobre-nos\/historia\/"]}]},{"@type":"BreadcrumbList","@id":"https:\/\/construkom.pt\/sobre-nos\/historia\/#breadcrumb","itemListElement":[{"@type":"ListItem","position":1,"name":"In\u00edcio","item":"https:\/\/construkom.pt\/"},{"@type":"ListItem","position":2,"name":"Sobre n\u00f3s","item":"https:\/\/construkom.pt\/sobre-nos\/"},{"@type":"ListItem","position":3,"name":"Hist\u00f3ria"}]},{"@type":"WebSite","@id":"https:\/\/construkom.pt\/#website","url":"https:\/\/construkom.pt\/","name":"Constru Kom 321","description":"Consultoria em engenharia e constru\u00e7\u00e3o civil em Gr\u00e2ndola","publisher":{"@id":"https:\/\/construkom.pt\/#organization"},"potentialAction":[{"@type":"SearchAction","target":{"@type":"EntryPoint","urlTemplate":"https:\/\/construkom.pt\/?s={search_term_string}"},"query-input":{"@type":"PropertyValueSpecification","valueRequired":true,"valueName":"search_term_string"}}],"inLanguage":"en-US"},{"@type":"Organization","@id":"https:\/\/construkom.pt\/#organization","name":"Constru Kom 321","url":"https:\/\/construkom.pt\/","logo":{"@type":"ImageObject","inLanguage":"en-US","@id":"https:\/\/construkom.pt\/#\/schema\/logo\/image\/","url":"https:\/\/construkom.pt\/wp-content\/uploads\/2024\/06\/logo1.png","contentUrl":"https:\/\/construkom.pt\/wp-content\/uploads\/2024\/06\/logo1.png","width":400,"height":81,"caption":"Constru Kom 321"},"image":{"@id":"https:\/\/construkom.pt\/#\/schema\/logo\/image\/"},"sameAs":["https:\/\/www.facebook.com\/construkom321\/"]}]}},"_links":{"self":[{"href":"https:\/\/construkom.pt\/en\/wp-json\/wp\/v2\/pages\/1198","targetHints":{"allow":["GET"]}}],"collection":[{"href":"https:\/\/construkom.pt\/en\/wp-json\/wp\/v2\/pages"}],"about":[{"href":"https:\/\/construkom.pt\/en\/wp-json\/wp\/v2\/types\/page"}],"author":[{"embeddable":true,"href":"https:\/\/construkom.pt\/en\/wp-json\/wp\/v2\/users\/3"}],"replies":[{"embeddable":true,"href":"https:\/\/construkom.pt\/en\/wp-json\/wp\/v2\/comments?post=1198"}],"version-history":[{"count":44,"href":"https:\/\/construkom.pt\/en\/wp-json\/wp\/v2\/pages\/1198\/revisions"}],"predecessor-version":[{"id":2957,"href":"https:\/\/construkom.pt\/en\/wp-json\/wp\/v2\/pages\/1198\/revisions\/2957"}],"up":[{"embeddable":true,"href":"https:\/\/construkom.pt\/en\/wp-json\/wp\/v2\/pages\/405"}],"wp:attachment":[{"href":"https:\/\/construkom.pt\/en\/wp-json\/wp\/v2\/media?parent=1198"}],"curies":[{"name":"wp","href":"https:\/\/api.w.org\/{rel}","templated":true}]}}