{"id":1464,"date":"2024-06-03T16:13:41","date_gmt":"2024-06-03T16:13:41","guid":{"rendered":"https:\/\/construkom.pt\/?page_id=1464"},"modified":"2025-01-29T18:06:17","modified_gmt":"2025-01-29T18:06:17","slug":"contactos","status":"publish","type":"page","link":"https:\/\/construkom.pt\/en\/contactos\/","title":{"rendered":"Contacts"},"content":{"rendered":"<section class=\"section\" id=\"section_997711297\">\n\t\t<div class=\"section-bg fill\" >\n\t\t\t\t\t\t\t\t\t\n\t\t\t\n\n\t\t<\/div>\n\n\t\t\n\n\t\t<div class=\"section-content relative\">\n\t\t\t\n\n\t<div id=\"gap-428806115\" class=\"gap-element clearfix show-for-small\" style=\"display:block; height:auto;\">\n\t\t\n<style>\n#gap-428806115 {\n  padding-top: 60px;\n}\n@media (min-width:550px) {\n  #gap-428806115 {\n    padding-top: 30px;\n  }\n}\n<\/style>\n\t<\/div>\n\t\n\n<div class=\"row align-center\"  id=\"row-1484319426\">\n\n\n\t<div id=\"col-1409036940\" class=\"col small-12 large-12\"  >\n\t\t\t\t<div class=\"col-inner\"  >\n\t\t\t\n\t\t\t\n\n\t<div id=\"text-3927775365\" class=\"text\">\n\t\t\n\n<h1><strong>Contacts<\/strong><\/h1>\n\t\t\n<style>\n#text-3927775365 {\n  font-size: 1.6rem;\n  text-align: center;\n  color: rgb(255, 255, 255);\n}\n#text-3927775365 > * {\n  color: rgb(255, 255, 255);\n}\n<\/style>\n\t<\/div>\n\t\n\n\t\t<\/div>\n\t\t\t\t\t<\/div>\n\n\t\n\n<\/div>\n<div class=\"row align-middle align-center\"  id=\"row-646481343\">\n\n\n\t<div id=\"col-1220463347\" class=\"col medium-6 small-12 large-5\"  >\n\t\t\t\t<div class=\"col-inner text-center\"  >\n\t\t\t\n\t\t\t\n\n\t<div id=\"text-3133361867\" class=\"text\">\n\t\t\n\n<p>Constru Kom 321, Engenharia e Constru\u00e7\u00e3o, LDA <br \/>Rua 25 de Abril, N\u00ba 1H &#8211; Bairro das Amoreiras<br \/>7570-163 Gr\u00e2ndola <\/p>\n\t\t\n<style>\n#text-3133361867 {\n  font-size: 1rem;\n  line-height: 1.4;\n  text-align: left;\n  color: rgb(255, 255, 255);\n}\n#text-3133361867 > * {\n  color: rgb(255, 255, 255);\n}\n@media (min-width:550px) {\n  #text-3133361867 {\n    text-align: left;\n  }\n}\n<\/style>\n\t<\/div>\n\t\n\n\t\t<div class=\"icon-box featured-box icon-box-left text-left\"  >\n\t\t\t\t\t<div class=\"icon-box-img\" style=\"width: 20px\">\n\t\t\t\t<div class=\"icon\">\n\t\t\t\t\t<div class=\"icon-inner\" >\n\t\t\t\t\t\t<img loading=\"lazy\" decoding=\"async\" width=\"1\" height=\"1\" src=\"https:\/\/construkom.pt\/wp-content\/uploads\/2024\/05\/Phone.svg\" class=\"attachment-medium size-medium\" alt=\"\" \/>\t\t\t\t\t<\/div>\n\t\t\t\t<\/div>\n\t\t\t<\/div>\n\t\t\t\t<div class=\"icon-box-text last-reset\">\n\t\t\t\t\t\t\t\t\t\n\n\t<div id=\"text-3490501101\" class=\"text\">\n\t\t\n\n<p>+351 931 620 183<\/p>\n\t\t\n<style>\n#text-3490501101 {\n  color: rgb(255, 255, 255);\n}\n#text-3490501101 > * {\n  color: rgb(255, 255, 255);\n}\n<\/style>\n\t<\/div>\n\t\n\n\t\t<\/div>\n\t<\/div>\n\t\n\t\n\n\t\t<div class=\"icon-box featured-box icon-box-left text-left\"  >\n\t\t\t\t\t<div class=\"icon-box-img\" style=\"width: 20px\">\n\t\t\t\t<div class=\"icon\">\n\t\t\t\t\t<div class=\"icon-inner\" >\n\t\t\t\t\t\t<img loading=\"lazy\" decoding=\"async\" width=\"1\" height=\"1\" src=\"https:\/\/construkom.pt\/wp-content\/uploads\/2024\/05\/Mail_inverse.svg\" class=\"attachment-medium size-medium\" alt=\"\" \/>\t\t\t\t\t<\/div>\n\t\t\t\t<\/div>\n\t\t\t<\/div>\n\t\t\t\t<div class=\"icon-box-text last-reset\">\n\t\t\t\t\t\t\t\t\t\n\n\t<div id=\"text-4248022265\" class=\"text\">\n\t\t\n\n<p>construkom321@gmail.com <\/p>\n\t\t\n<style>\n#text-4248022265 {\n  text-align: left;\n  color: rgb(255, 255, 255);\n}\n#text-4248022265 > * {\n  color: rgb(255, 255, 255);\n}\n@media (min-width:550px) {\n  #text-4248022265 {\n    text-align: left;\n  }\n}\n<\/style>\n\t<\/div>\n\t\n\n\t\t<\/div>\n\t<\/div>\n\t\n\t\n\n\t\t<\/div>\n\t\t\t\t\t<\/div>\n\n\t\n\n\t<div id=\"col-1125058988\" class=\"col medium-6 small-12 large-4\"  >\n\t\t\t\t<div class=\"col-inner text-center dark\"  >\n\t\t\t\n\t\t\t\n\n\n<div class=\"wpcf7 no-js\" id=\"wpcf7-f1487-o1\" lang=\"pt-PT\" dir=\"ltr\" data-wpcf7-id=\"1487\">\n<div class=\"screen-reader-response\"><p role=\"status\" aria-live=\"polite\" aria-atomic=\"true\"><\/p> <ul><\/ul><\/div>\n<form action=\"\/en\/wp-json\/wp\/v2\/pages\/1464#wpcf7-f1487-o1\" method=\"post\" class=\"wpcf7-form init\" aria-label=\"Formul\u00e1rio de contacto\" novalidate=\"novalidate\" data-status=\"init\" data-trp-original-action=\"\/en\/wp-json\/wp\/v2\/pages\/1464#wpcf7-f1487-o1\">\n<fieldset class=\"hidden-fields-container\"><input type=\"hidden\" name=\"_wpcf7\" value=\"1487\" \/><input type=\"hidden\" name=\"_wpcf7_version\" value=\"6.1.1\" \/><input type=\"hidden\" name=\"_wpcf7_locale\" value=\"pt_PT\" \/><input type=\"hidden\" name=\"_wpcf7_unit_tag\" value=\"wpcf7-f1487-o1\" \/><input type=\"hidden\" name=\"_wpcf7_container_post\" value=\"0\" \/><input type=\"hidden\" name=\"_wpcf7_posted_data_hash\" value=\"\" \/><input type=\"hidden\" name=\"_wpcf7_recaptcha_response\" value=\"\" \/>\n<\/fieldset>\n<p><span class=\"wpcf7-form-control-wrap\" data-name=\"your-name\"><input size=\"40\" maxlength=\"400\" class=\"wpcf7-form-control wpcf7-text wpcf7-validates-as-required\" autocomplete=\"name\" aria-required=\"true\" aria-invalid=\"false\" placeholder=\"Name\" value=\"\" type=\"text\" name=\"your-name\" \/><\/span>\n<\/p>\n<p><span class=\"wpcf7-form-control-wrap\" data-name=\"your-email\"><input size=\"40\" maxlength=\"400\" class=\"wpcf7-form-control wpcf7-email wpcf7-validates-as-required wpcf7-text wpcf7-validates-as-email\" autocomplete=\"email\" aria-required=\"true\" aria-invalid=\"false\" placeholder=\"Email\" value=\"\" type=\"email\" name=\"your-email\" \/><\/span>\n<\/p>\n<p><span class=\"wpcf7-form-control-wrap\" data-name=\"telefone\"><input size=\"40\" maxlength=\"400\" class=\"wpcf7-form-control wpcf7-tel wpcf7-validates-as-required wpcf7-text wpcf7-validates-as-tel\" aria-required=\"true\" aria-invalid=\"false\" placeholder=\"Telephone\" value=\"\" type=\"tel\" name=\"telefone\" \/><\/span>\n<\/p>\n<p><span class=\"wpcf7-form-control-wrap\" data-name=\"your-message\"><textarea cols=\"40\" rows=\"10\" maxlength=\"2000\" class=\"wpcf7-form-control wpcf7-textarea\" aria-invalid=\"false\" placeholder=\"Your message...\" name=\"your-message\"><\/textarea><\/span>\n<\/p>\n<p><input class=\"wpcf7-form-control wpcf7-submit has-spinner expand button-sec\" type=\"submit\" value=\"Send\" \/>\n<\/p><div class=\"wpcf7-response-output\" aria-hidden=\"true\"><\/div>\n<input type=\"hidden\" name=\"trp-form-language\" value=\"en\"\/><\/form>\n<\/div>\n\n\n\n\t\t<\/div>\n\t\t\t\t\t<\/div>\n\n\t\n\n<\/div>\n\n\t\t<\/div>\n\n\t\t\n<style>\n#section_997711297 {\n  padding-top: 50px;\n  padding-bottom: 50px;\n  background-color: #4c5f6a;\n}\n<\/style>\n\t<\/section>\n\t\n\n\t<section class=\"section\" id=\"section_110810089\">\n\t\t<div class=\"section-bg fill\" >\n\t\t\t\t\t\t\t\t\t\n\t\t\t\n\n\t\t<\/div>\n\n\t\t\n\n\t\t<div class=\"section-content relative\">\n\t\t\t\n\n<div class=\"row row-collapse align-center\"  id=\"row-490810195\">\n\n\n\t<div id=\"col-462217835\" class=\"col small-12 large-12\"  >\n\t\t\t\t<div class=\"col-inner text-center\"  >\n\t\t\t\n\t\t\t\n\n\n\n<iframe src=\"https:\/\/www.google.com\/maps\/embed?pb=!1m10!1m8!1m3!1d783.8932106542297!2d-8.563653735025655!3d38.19659526601985!3m2!1i1024!2i768!4f13.1!5e0!3m2!1spt-PT!2spt!4v1718749311587!5m2!1spt-PT!2spt\" width=\"600\" height=\"450\" style=\"border:0;\" allowfullscreen=\"\" loading=\"lazy\" referrerpolicy=\"no-referrer-when-downgrade\"><\/iframe>\n\n\n\t\t<\/div>\n\t\t\t\t\t<\/div>\n\n\t\n\n<\/div>\n\n\t\t<\/div>\n\n\t\t\n<style>\n#section_110810089 {\n  padding-top: 50px;\n  padding-bottom: 50px;\n}\n<\/style>\n\t<\/section>\n\t\n<div class=\"message-box relative\" style=\"padding-top:30px;padding-bottom:30px;\"><div class=\"message-box-bg-image bg-fill fill\" ><\/div><div class=\"message-box-bg-overlay bg-fill fill\" style=\"background-color:rgb(210, 222, 228);\"><\/div><div class=\"container relative\"><div class=\"inner last-reset\">\n\n<div class=\"row row-collapse align-middle\"  id=\"row-2062204964\">\n\n\n\t<div id=\"col-1178177866\" class=\"col medium-7 small-12 large-7\"  >\n\t\t\t\t<div class=\"col-inner text-left\"  >\n\t\t\t\n\t\t\t\n\n\t<div id=\"text-2297178846\" class=\"text\">\n\t\t\n\n<h3><strong>Stay up to date with the news!<\/strong><\/h3>\n\t\t\n<style>\n#text-2297178846 {\n  font-size: 1.2rem;\n  text-align: center;\n  color: rgb(76, 95, 106);\n}\n#text-2297178846 > * {\n  color: rgb(76, 95, 106);\n}\n@media (min-width:550px) {\n  #text-2297178846 {\n    font-size: 1.2rem;\n    text-align: left;\n  }\n}\n@media (min-width:850px) {\n  #text-2297178846 {\n    font-size: 1.4rem;\n  }\n}\n<\/style>\n\t<\/div>\n\t\n\n\t\t<\/div>\n\t\t\t\t\n<style>\n#col-1178177866 > .col-inner {\n  margin: 0px 0px -15px 0px;\n}\n<\/style>\n\t<\/div>\n\n\t\n\n\t<div id=\"col-750536333\" class=\"col medium-5 small-12 large-5\"  >\n\t\t\t\t<div class=\"col-inner text-center\"  >\n\t\t\t\n\t\t\t\n\n\t<div id=\"gap-487315318\" class=\"gap-element clearfix\" style=\"display:block; height:auto;\">\n\t\t\n<style>\n#gap-487315318 {\n  padding-top: 30px;\n}\n@media (min-width:550px) {\n  #gap-487315318 {\n    padding-top: 0px;\n  }\n}\n@media (min-width:850px) {\n  #gap-487315318 {\n    padding-top: 0px;\n  }\n}\n<\/style>\n\t<\/div>\n\t\n\n\n<div class=\"wpcf7 no-js\" id=\"wpcf7-f1787-o2\" lang=\"pt-PT\" dir=\"ltr\" data-wpcf7-id=\"1787\">\n<div class=\"screen-reader-response\"><p role=\"status\" aria-live=\"polite\" aria-atomic=\"true\"><\/p> <ul><\/ul><\/div>\n<form action=\"\/en\/wp-json\/wp\/v2\/pages\/1464#wpcf7-f1787-o2\" method=\"post\" class=\"wpcf7-form init\" aria-label=\"Formul\u00e1rio de contacto\" novalidate=\"novalidate\" data-status=\"init\" data-trp-original-action=\"\/en\/wp-json\/wp\/v2\/pages\/1464#wpcf7-f1787-o2\">\n<fieldset class=\"hidden-fields-container\"><input type=\"hidden\" name=\"_wpcf7\" value=\"1787\" \/><input type=\"hidden\" name=\"_wpcf7_version\" value=\"6.1.1\" \/><input type=\"hidden\" name=\"_wpcf7_locale\" value=\"pt_PT\" \/><input type=\"hidden\" name=\"_wpcf7_unit_tag\" value=\"wpcf7-f1787-o2\" \/><input type=\"hidden\" name=\"_wpcf7_container_post\" value=\"0\" \/><input type=\"hidden\" name=\"_wpcf7_posted_data_hash\" value=\"\" \/><input type=\"hidden\" name=\"_wpcf7_recaptcha_response\" value=\"\" \/>\n<\/fieldset>\n<div class=\"flex-row medium-flex-wrap\">\n\t<div class=\"flex-col flex-grow\">\n\t\t<p><span class=\"wpcf7-form-control-wrap\" data-name=\"your-email\"><input size=\"40\" maxlength=\"400\" class=\"wpcf7-form-control wpcf7-email wpcf7-validates-as-required wpcf7-text wpcf7-validates-as-email\" aria-required=\"true\" aria-invalid=\"false\" placeholder=\"Email\" value=\"\" type=\"email\" name=\"your-email\" \/><\/span>\n\t\t<\/p>\n\t<\/div>\n\t<div class=\"flex-col\">\n\t\t<p><input type=\"submit\" value=\"Subscribe\" class=\"button-sec submit-nl expand\" \/>\n\t\t<\/p>\n\t<\/div>\n<\/div><div class=\"wpcf7-response-output\" aria-hidden=\"true\"><\/div>\n<input type=\"hidden\" name=\"trp-form-language\" value=\"en\"\/><\/form>\n<\/div>\n\n\n\n\t\t<\/div>\n\t\t\t\t\t<\/div>\n\n\t\n\n<\/div>\n\n<\/div><\/div><\/div>","protected":false},"excerpt":{"rendered":"","protected":false},"author":3,"featured_media":0,"parent":0,"menu_order":6,"comment_status":"closed","ping_status":"closed","template":"page-blank.php","meta":{"footnotes":""},"class_list":["post-1464","page","type-page","status-publish","hentry"],"yoast_head":"<!-- This site is optimized with the Yoast SEO plugin v25.8 - https:\/\/yoast.com\/wordpress\/plugins\/seo\/ -->\n<title>Contactos | Constru Kom 321 | Consultoria em engenharia e constru\u00e7\u00e3o civil<\/title>\n<meta name=\"description\" content=\"Estamos na Rua 25 de Abril, N\u00ba 1H \u2013 Bairro das Amoreiras, 7570-163 Gr\u00e2ndola. Visite-nos!\" \/>\n<meta name=\"robots\" content=\"index, follow, max-snippet:-1, max-image-preview:large, max-video-preview:-1\" \/>\n<link rel=\"canonical\" href=\"https:\/\/construkom.pt\/en\/contactos\/\" \/>\n<meta property=\"og:locale\" content=\"en_US\" \/>\n<meta property=\"og:type\" content=\"article\" \/>\n<meta property=\"og:title\" content=\"Contactos | Constru Kom 321 | Consultoria em engenharia e constru\u00e7\u00e3o civil\" \/>\n<meta property=\"og:description\" content=\"Estamos na Rua 25 de Abril, N\u00ba 1H \u2013 Bairro das Amoreiras, 7570-163 Gr\u00e2ndola. Visite-nos!\" \/>\n<meta property=\"og:url\" content=\"https:\/\/construkom.pt\/en\/contactos\/\" \/>\n<meta property=\"og:site_name\" content=\"Constru Kom 321\" \/>\n<meta property=\"article:publisher\" content=\"https:\/\/www.facebook.com\/construkom321\/\" \/>\n<meta property=\"article:modified_time\" content=\"2025-01-29T18:06:17+00:00\" \/>\n<meta name=\"twitter:card\" content=\"summary_large_image\" \/>\n<meta name=\"twitter:label1\" content=\"Est. reading time\" \/>\n\t<meta name=\"twitter:data1\" content=\"1 minute\" \/>\n<script type=\"application\/ld+json\" class=\"yoast-schema-graph\">{\"@context\":\"https:\/\/schema.org\",\"@graph\":[{\"@type\":\"WebPage\",\"@id\":\"https:\/\/construkom.pt\/contactos\/\",\"url\":\"https:\/\/construkom.pt\/contactos\/\",\"name\":\"Contactos | Constru Kom 321 | Consultoria em engenharia e constru\u00e7\u00e3o civil\",\"isPartOf\":{\"@id\":\"https:\/\/construkom.pt\/#website\"},\"datePublished\":\"2024-06-03T16:13:41+00:00\",\"dateModified\":\"2025-01-29T18:06:17+00:00\",\"description\":\"Estamos na Rua 25 de Abril, N\u00ba 1H \u2013 Bairro das Amoreiras, 7570-163 Gr\u00e2ndola. Visite-nos!\",\"breadcrumb\":{\"@id\":\"https:\/\/construkom.pt\/contactos\/#breadcrumb\"},\"inLanguage\":\"en-US\",\"potentialAction\":[{\"@type\":\"ReadAction\",\"target\":[\"https:\/\/construkom.pt\/contactos\/\"]}]},{\"@type\":\"BreadcrumbList\",\"@id\":\"https:\/\/construkom.pt\/contactos\/#breadcrumb\",\"itemListElement\":[{\"@type\":\"ListItem\",\"position\":1,\"name\":\"In\u00edcio\",\"item\":\"https:\/\/construkom.pt\/\"},{\"@type\":\"ListItem\",\"position\":2,\"name\":\"Contactos\"}]},{\"@type\":\"WebSite\",\"@id\":\"https:\/\/construkom.pt\/#website\",\"url\":\"https:\/\/construkom.pt\/\",\"name\":\"Constru Kom 321\",\"description\":\"Consultoria em engenharia e constru\u00e7\u00e3o civil em Gr\u00e2ndola\",\"publisher\":{\"@id\":\"https:\/\/construkom.pt\/#organization\"},\"potentialAction\":[{\"@type\":\"SearchAction\",\"target\":{\"@type\":\"EntryPoint\",\"urlTemplate\":\"https:\/\/construkom.pt\/?s={search_term_string}\"},\"query-input\":{\"@type\":\"PropertyValueSpecification\",\"valueRequired\":true,\"valueName\":\"search_term_string\"}}],\"inLanguage\":\"en-US\"},{\"@type\":\"Organization\",\"@id\":\"https:\/\/construkom.pt\/#organization\",\"name\":\"Constru Kom 321\",\"url\":\"https:\/\/construkom.pt\/\",\"logo\":{\"@type\":\"ImageObject\",\"inLanguage\":\"en-US\",\"@id\":\"https:\/\/construkom.pt\/#\/schema\/logo\/image\/\",\"url\":\"https:\/\/construkom.pt\/wp-content\/uploads\/2024\/06\/logo1.png\",\"contentUrl\":\"https:\/\/construkom.pt\/wp-content\/uploads\/2024\/06\/logo1.png\",\"width\":400,\"height\":81,\"caption\":\"Constru Kom 321\"},\"image\":{\"@id\":\"https:\/\/construkom.pt\/#\/schema\/logo\/image\/\"},\"sameAs\":[\"https:\/\/www.facebook.com\/construkom321\/\"]}]}<\/script>\n<!-- \/ Yoast SEO plugin. -->","yoast_head_json":{"title":"Contactos | Constru Kom 321 | Consultoria em engenharia e constru\u00e7\u00e3o civil","description":"Estamos na Rua 25 de Abril, N\u00ba 1H \u2013 Bairro das Amoreiras, 7570-163 Gr\u00e2ndola. Visite-nos!","robots":{"index":"index","follow":"follow","max-snippet":"max-snippet:-1","max-image-preview":"max-image-preview:large","max-video-preview":"max-video-preview:-1"},"canonical":"https:\/\/construkom.pt\/en\/contactos\/","og_locale":"en_US","og_type":"article","og_title":"Contactos | Constru Kom 321 | Consultoria em engenharia e constru\u00e7\u00e3o civil","og_description":"Estamos na Rua 25 de Abril, N\u00ba 1H \u2013 Bairro das Amoreiras, 7570-163 Gr\u00e2ndola. Visite-nos!","og_url":"https:\/\/construkom.pt\/en\/contactos\/","og_site_name":"Constru Kom 321","article_publisher":"https:\/\/www.facebook.com\/construkom321\/","article_modified_time":"2025-01-29T18:06:17+00:00","twitter_card":"summary_large_image","twitter_misc":{"Est. reading time":"1 minute"},"schema":{"@context":"https:\/\/schema.org","@graph":[{"@type":"WebPage","@id":"https:\/\/construkom.pt\/contactos\/","url":"https:\/\/construkom.pt\/contactos\/","name":"Contactos | Constru Kom 321 | Consultoria em engenharia e constru\u00e7\u00e3o civil","isPartOf":{"@id":"https:\/\/construkom.pt\/#website"},"datePublished":"2024-06-03T16:13:41+00:00","dateModified":"2025-01-29T18:06:17+00:00","description":"Estamos na Rua 25 de Abril, N\u00ba 1H \u2013 Bairro das Amoreiras, 7570-163 Gr\u00e2ndola. Visite-nos!","breadcrumb":{"@id":"https:\/\/construkom.pt\/contactos\/#breadcrumb"},"inLanguage":"en-US","potentialAction":[{"@type":"ReadAction","target":["https:\/\/construkom.pt\/contactos\/"]}]},{"@type":"BreadcrumbList","@id":"https:\/\/construkom.pt\/contactos\/#breadcrumb","itemListElement":[{"@type":"ListItem","position":1,"name":"In\u00edcio","item":"https:\/\/construkom.pt\/"},{"@type":"ListItem","position":2,"name":"Contactos"}]},{"@type":"WebSite","@id":"https:\/\/construkom.pt\/#website","url":"https:\/\/construkom.pt\/","name":"Constru Kom 321","description":"Consultoria em engenharia e constru\u00e7\u00e3o civil em Gr\u00e2ndola","publisher":{"@id":"https:\/\/construkom.pt\/#organization"},"potentialAction":[{"@type":"SearchAction","target":{"@type":"EntryPoint","urlTemplate":"https:\/\/construkom.pt\/?s={search_term_string}"},"query-input":{"@type":"PropertyValueSpecification","valueRequired":true,"valueName":"search_term_string"}}],"inLanguage":"en-US"},{"@type":"Organization","@id":"https:\/\/construkom.pt\/#organization","name":"Constru Kom 321","url":"https:\/\/construkom.pt\/","logo":{"@type":"ImageObject","inLanguage":"en-US","@id":"https:\/\/construkom.pt\/#\/schema\/logo\/image\/","url":"https:\/\/construkom.pt\/wp-content\/uploads\/2024\/06\/logo1.png","contentUrl":"https:\/\/construkom.pt\/wp-content\/uploads\/2024\/06\/logo1.png","width":400,"height":81,"caption":"Constru Kom 321"},"image":{"@id":"https:\/\/construkom.pt\/#\/schema\/logo\/image\/"},"sameAs":["https:\/\/www.facebook.com\/construkom321\/"]}]}},"_links":{"self":[{"href":"https:\/\/construkom.pt\/en\/wp-json\/wp\/v2\/pages\/1464","targetHints":{"allow":["GET"]}}],"collection":[{"href":"https:\/\/construkom.pt\/en\/wp-json\/wp\/v2\/pages"}],"about":[{"href":"https:\/\/construkom.pt\/en\/wp-json\/wp\/v2\/types\/page"}],"author":[{"embeddable":true,"href":"https:\/\/construkom.pt\/en\/wp-json\/wp\/v2\/users\/3"}],"replies":[{"embeddable":true,"href":"https:\/\/construkom.pt\/en\/wp-json\/wp\/v2\/comments?post=1464"}],"version-history":[{"count":54,"href":"https:\/\/construkom.pt\/en\/wp-json\/wp\/v2\/pages\/1464\/revisions"}],"predecessor-version":[{"id":2988,"href":"https:\/\/construkom.pt\/en\/wp-json\/wp\/v2\/pages\/1464\/revisions\/2988"}],"wp:attachment":[{"href":"https:\/\/construkom.pt\/en\/wp-json\/wp\/v2\/media?parent=1464"}],"curies":[{"name":"wp","href":"https:\/\/api.w.org\/{rel}","templated":true}]}}