{"id":1509,"date":"2024-06-03T17:07:03","date_gmt":"2024-06-03T17:07:03","guid":{"rendered":"https:\/\/construkom.pt\/?page_id=1509"},"modified":"2025-01-29T16:51:37","modified_gmt":"2025-01-29T16:51:37","slug":"blog","status":"publish","type":"page","link":"https:\/\/construkom.pt\/en\/blog\/","title":{"rendered":"Blog"},"content":{"rendered":"<section class=\"section has-parallax\" id=\"section_2127180246\">\n\t\t<div class=\"section-bg fill\" data-parallax-container=\".section\" data-parallax-background data-parallax=\"-3\">\n\t\t\t<img loading=\"lazy\" decoding=\"async\" width=\"1920\" height=\"1272\" src=\"https:\/\/construkom.pt\/wp-content\/uploads\/2024\/05\/kitchen-2165756_1920.jpg\" class=\"bg attachment- size-\" alt=\"\" \/>\t\t\t\t\t\t<div class=\"section-bg-overlay absolute fill\"><\/div>\n\t\t\t\n\n\t\t<\/div>\n\n\t\t\n\n\t\t<div class=\"section-content relative\">\n\t\t\t\n\n\t<div id=\"gap-880811445\" class=\"gap-element clearfix\" style=\"display:block; height:auto;\">\n\t\t\n<style>\n#gap-880811445 {\n  padding-top: 240px;\n}\n<\/style>\n\t<\/div>\n\t\n\n<div class=\"row\"  id=\"row-107352118\">\n\n\n\t<div id=\"col-1543301301\" class=\"col medium-9 small-12 large-9\"  data-animate=\"blurIn\">\n\t\t\t\t<div class=\"col-inner text-left\"  data-parallax-fade=\"true\" data-parallax=\"3\">\n\t\t\t\n\t\t\t\n\n\t<div id=\"text-1535943928\" class=\"text\">\n\t\t\n\n<h1><strong>Blog<\/strong><\/h1>\n\t\t\n<style>\n#text-1535943928 {\n  font-size: 1.5rem;\n  text-align: center;\n  color: rgb(255, 255, 255);\n}\n#text-1535943928 > * {\n  color: rgb(255, 255, 255);\n}\n@media (min-width:550px) {\n  #text-1535943928 {\n    text-align: left;\n  }\n}\n<\/style>\n\t<\/div>\n\t\n\t<div id=\"text-1573382198\" class=\"text\">\n\t\t\n\n<p>Discover useful tips, explanatory guides and the latest news from Constru Kom on this page.<\/p>\n\t\t\n<style>\n#text-1573382198 {\n  font-size: 1.2rem;\n  line-height: 1.4;\n  text-align: center;\n  color: rgb(255, 255, 255);\n}\n#text-1573382198 > * {\n  color: rgb(255, 255, 255);\n}\n@media (min-width:550px) {\n  #text-1573382198 {\n    text-align: left;\n  }\n}\n<\/style>\n\t<\/div>\n\t\n\n\t\t<\/div>\n\t\t\t\t\n<style>\n#col-1543301301 > .col-inner {\n  margin: 0px 0px -50px 0px;\n}\n<\/style>\n\t<\/div>\n\n\t\n\n\n<style>\n#row-107352118 > .col > .col-inner {\n  padding: 0px 0px 0px 20px;\n}\n<\/style>\n<\/div>\n\n\t\t<\/div>\n\n\t\t\n<style>\n#section_2127180246 {\n  padding-top: 50px;\n  padding-bottom: 50px;\n}\n#section_2127180246 .section-bg-overlay {\n  background-color: rgba(76, 95, 106, 0.6);\n}\n#section_2127180246 .section-bg img {\n  object-position: 49% 34%;\n}\n<\/style>\n\t<\/section>\n\t\n\n\t<section class=\"section\" id=\"section_1772631739\">\n\t\t<div class=\"section-bg fill\" >\n\t\t\t\t\t\t\t\t\t\n\t\t\t\n\n\t\t<\/div>\n\n\t\t\n\n\t\t<div class=\"section-content relative\">\n\t\t\t\n\n\n  \n    <div class=\"row large-columns-2 medium-columns-2 small-columns-1\" >\n  <div class=\"col post-item\" data-animate=\"blurIn\">\n\t\t\t<div class=\"col-inner\">\n\t\t\t\t<div class=\"box box-normal box-text-bottom box-blog-post has-hover\">\n            \t\t\t\t\t<div class=\"box-image\" >\n  \t\t\t\t\t\t<div class=\"image-cover\" style=\"padding-top:75%;\">\n\t\t\t\t\t\t\t<a href=\"https:\/\/construkom.pt\/en\/blog\/eficiencia-energetica-ativa-e-passiva-na-construcao-de-uma-casa\/\" class=\"plain\" aria-label=\"Active and passive energy efficiency when building a house.\">\n\t\t\t\t\t\t\t\t<img loading=\"lazy\" decoding=\"async\" width=\"1020\" height=\"668\" src=\"https:\/\/construkom.pt\/wp-content\/uploads\/2024\/05\/american-public-power-association-dR3Fb6dBEc0-unsplash-scaled-e1717493514913-1024x671.jpg\" class=\"attachment-large size-large wp-post-image\" alt=\"\" srcset=\"https:\/\/construkom.pt\/wp-content\/uploads\/2024\/05\/american-public-power-association-dR3Fb6dBEc0-unsplash-scaled-e1717493514913-1024x671.jpg 1024w, https:\/\/construkom.pt\/wp-content\/uploads\/2024\/05\/american-public-power-association-dR3Fb6dBEc0-unsplash-scaled-e1717493514913-300x196.jpg 300w, https:\/\/construkom.pt\/wp-content\/uploads\/2024\/05\/american-public-power-association-dR3Fb6dBEc0-unsplash-scaled-e1717493514913-768x503.jpg 768w, https:\/\/construkom.pt\/wp-content\/uploads\/2024\/05\/american-public-power-association-dR3Fb6dBEc0-unsplash-scaled-e1717493514913-1536x1006.jpg 1536w, https:\/\/construkom.pt\/wp-content\/uploads\/2024\/05\/american-public-power-association-dR3Fb6dBEc0-unsplash-scaled-e1717493514913-2048x1341.jpg 2048w\" sizes=\"auto, (max-width: 1020px) 100vw, 1020px\" \/>\t\t\t\t\t\t\t<\/a>\n  \t\t\t\t\t\t\t  \t\t\t\t\t\t\t  \t\t\t\t\t\t<\/div>\n  \t\t\t\t\t\t  \t\t\t\t\t<\/div>\n          \t\t\t\t\t<div class=\"box-text text-left dark\" style=\"background-color:rgb(76, 95, 106);\">\n\t\t\t\t\t<div class=\"box-text-inner blog-post-inner\">\n\n\t\t\t\t\t\n\t\t\t\t\t\t\t\t\t\t<h5 class=\"post-title is-larger\">\n\t\t\t\t\t\t<a href=\"https:\/\/construkom.pt\/en\/blog\/eficiencia-energetica-ativa-e-passiva-na-construcao-de-uma-casa\/\" class=\"plain\">Active and passive energy efficiency when building a house.<\/a>\n\t\t\t\t\t<\/h5>\n\t\t\t\t\t<div class=\"post-meta is-small op-8\">June 20, 2024<\/div>\t\t\t\t\t<div class=\"is-divider\"><\/div>\n\t\t\t\t\t\t\t\t\t\t<p class=\"from_the_blog_excerpt\">\n\t\t\t\t\t\t\t\t\t\t\t<\/p>\n\t\t\t\t\t                    \n\t\t\t\t\t\t\t\t\t\t\t<a href=\"https:\/\/construkom.pt\/en\/blog\/eficiencia-energetica-ativa-e-passiva-na-construcao-de-uma-casa\/\" class=\"button secondary is-outline is-large mb-0\">\n\t\t\t\t\t\t\tRead more\t\t\t\t\t\t<\/a>\n\t\t\t\t\t\n\t\t\t\t\t\n\t\t\t\t\t<\/div>\n\t\t\t\t\t<\/div>\n\t\t\t\t\t\t\t\t\t<\/div>\n\t\t\t<\/div>\n\t\t<\/div><div class=\"col post-item\" data-animate=\"blurIn\">\n\t\t\t<div class=\"col-inner\">\n\t\t\t\t<div class=\"box box-normal box-text-bottom box-blog-post has-hover\">\n            \t\t\t\t\t<div class=\"box-image\" >\n  \t\t\t\t\t\t<div class=\"image-cover\" style=\"padding-top:75%;\">\n\t\t\t\t\t\t\t<a href=\"https:\/\/construkom.pt\/en\/blog\/o-guia-definitivo-para-comprar-uma-casa-de-sonho\/\" class=\"plain\" aria-label=\"The definitive guide to buy a dream home.\">\n\t\t\t\t\t\t\t\t<img loading=\"lazy\" decoding=\"async\" width=\"1020\" height=\"654\" src=\"https:\/\/construkom.pt\/wp-content\/uploads\/2024\/05\/r-architecture-MAnVoJlQUvg-unsplash-scaled-e1717490882856-1024x657.jpg\" class=\"attachment-large size-large wp-post-image\" alt=\"\" srcset=\"https:\/\/construkom.pt\/wp-content\/uploads\/2024\/05\/r-architecture-MAnVoJlQUvg-unsplash-scaled-e1717490882856-1024x657.jpg 1024w, https:\/\/construkom.pt\/wp-content\/uploads\/2024\/05\/r-architecture-MAnVoJlQUvg-unsplash-scaled-e1717490882856-300x192.jpg 300w, https:\/\/construkom.pt\/wp-content\/uploads\/2024\/05\/r-architecture-MAnVoJlQUvg-unsplash-scaled-e1717490882856-768x493.jpg 768w, https:\/\/construkom.pt\/wp-content\/uploads\/2024\/05\/r-architecture-MAnVoJlQUvg-unsplash-scaled-e1717490882856-1536x985.jpg 1536w, https:\/\/construkom.pt\/wp-content\/uploads\/2024\/05\/r-architecture-MAnVoJlQUvg-unsplash-scaled-e1717490882856-2048x1313.jpg 2048w\" sizes=\"auto, (max-width: 1020px) 100vw, 1020px\" \/>\t\t\t\t\t\t\t<\/a>\n  \t\t\t\t\t\t\t  \t\t\t\t\t\t\t  \t\t\t\t\t\t<\/div>\n  \t\t\t\t\t\t  \t\t\t\t\t<\/div>\n          \t\t\t\t\t<div class=\"box-text text-left dark\" style=\"background-color:rgb(76, 95, 106);\">\n\t\t\t\t\t<div class=\"box-text-inner blog-post-inner\">\n\n\t\t\t\t\t\n\t\t\t\t\t\t\t\t\t\t<h5 class=\"post-title is-larger\">\n\t\t\t\t\t\t<a href=\"https:\/\/construkom.pt\/en\/blog\/o-guia-definitivo-para-comprar-uma-casa-de-sonho\/\" class=\"plain\">The definitive guide to buy a dream home.<\/a>\n\t\t\t\t\t<\/h5>\n\t\t\t\t\t<div class=\"post-meta is-small op-8\">June 20, 2024<\/div>\t\t\t\t\t<div class=\"is-divider\"><\/div>\n\t\t\t\t\t\t\t\t\t\t<p class=\"from_the_blog_excerpt\">\n\t\t\t\t\t\t\t\t\t\t\t<\/p>\n\t\t\t\t\t                    \n\t\t\t\t\t\t\t\t\t\t\t<a href=\"https:\/\/construkom.pt\/en\/blog\/o-guia-definitivo-para-comprar-uma-casa-de-sonho\/\" class=\"button secondary is-outline is-large mb-0\">\n\t\t\t\t\t\t\tRead more\t\t\t\t\t\t<\/a>\n\t\t\t\t\t\n\t\t\t\t\t\n\t\t\t\t\t<\/div>\n\t\t\t\t\t<\/div>\n\t\t\t\t\t\t\t\t\t<\/div>\n\t\t\t<\/div>\n\t\t<\/div><\/div>\n\n\n\t\t<\/div>\n\n\t\t\n<style>\n#section_1772631739 {\n  padding-top: 50px;\n  padding-bottom: 50px;\n  background-color: #4c5f6a;\n}\n<\/style>\n\t<\/section>\n\t\n<div class=\"message-box relative\" style=\"padding-top:30px;padding-bottom:30px;\"><div class=\"message-box-bg-image bg-fill fill\" ><\/div><div class=\"message-box-bg-overlay bg-fill fill\" style=\"background-color:rgb(210, 222, 228);\"><\/div><div class=\"container relative\"><div class=\"inner last-reset\">\n\n<div class=\"row row-collapse align-middle\"  id=\"row-279953770\">\n\n\n\t<div id=\"col-1565259656\" class=\"col medium-7 small-12 large-7\"  >\n\t\t\t\t<div class=\"col-inner text-left\"  >\n\t\t\t\n\t\t\t\n\n\t<div id=\"text-223537950\" class=\"text\">\n\t\t\n\n<h3><strong>Stay up to date with the news!<\/strong><\/h3>\n\t\t\n<style>\n#text-223537950 {\n  font-size: 1.2rem;\n  text-align: center;\n  color: rgb(76, 95, 106);\n}\n#text-223537950 > * {\n  color: rgb(76, 95, 106);\n}\n@media (min-width:550px) {\n  #text-223537950 {\n    font-size: 1.2rem;\n    text-align: left;\n  }\n}\n@media (min-width:850px) {\n  #text-223537950 {\n    font-size: 1.4rem;\n  }\n}\n<\/style>\n\t<\/div>\n\t\n\n\t\t<\/div>\n\t\t\t\t\n<style>\n#col-1565259656 > .col-inner {\n  margin: 0px 0px -15px 0px;\n}\n<\/style>\n\t<\/div>\n\n\t\n\n\t<div id=\"col-1327502080\" class=\"col medium-5 small-12 large-5\"  >\n\t\t\t\t<div class=\"col-inner text-center\"  >\n\t\t\t\n\t\t\t\n\n\t<div id=\"gap-1400126387\" class=\"gap-element clearfix\" style=\"display:block; height:auto;\">\n\t\t\n<style>\n#gap-1400126387 {\n  padding-top: 30px;\n}\n@media (min-width:550px) {\n  #gap-1400126387 {\n    padding-top: 0px;\n  }\n}\n@media (min-width:850px) {\n  #gap-1400126387 {\n    padding-top: 0px;\n  }\n}\n<\/style>\n\t<\/div>\n\t\n\n\n<div class=\"wpcf7 no-js\" id=\"wpcf7-f1787-o1\" lang=\"pt-PT\" dir=\"ltr\" data-wpcf7-id=\"1787\">\n<div class=\"screen-reader-response\"><p role=\"status\" aria-live=\"polite\" aria-atomic=\"true\"><\/p> <ul><\/ul><\/div>\n<form action=\"\/en\/wp-json\/wp\/v2\/pages\/1509#wpcf7-f1787-o1\" method=\"post\" class=\"wpcf7-form init\" aria-label=\"Formul\u00e1rio de contacto\" novalidate=\"novalidate\" data-status=\"init\" data-trp-original-action=\"\/en\/wp-json\/wp\/v2\/pages\/1509#wpcf7-f1787-o1\">\n<fieldset class=\"hidden-fields-container\"><input type=\"hidden\" name=\"_wpcf7\" value=\"1787\" \/><input type=\"hidden\" name=\"_wpcf7_version\" value=\"6.1.1\" \/><input type=\"hidden\" name=\"_wpcf7_locale\" value=\"pt_PT\" \/><input type=\"hidden\" name=\"_wpcf7_unit_tag\" value=\"wpcf7-f1787-o1\" \/><input type=\"hidden\" name=\"_wpcf7_container_post\" value=\"0\" \/><input type=\"hidden\" name=\"_wpcf7_posted_data_hash\" value=\"\" \/><input type=\"hidden\" name=\"_wpcf7_recaptcha_response\" value=\"\" \/>\n<\/fieldset>\n<div class=\"flex-row medium-flex-wrap\">\n\t<div class=\"flex-col flex-grow\">\n\t\t<p><span class=\"wpcf7-form-control-wrap\" data-name=\"your-email\"><input size=\"40\" maxlength=\"400\" class=\"wpcf7-form-control wpcf7-email wpcf7-validates-as-required wpcf7-text wpcf7-validates-as-email\" aria-required=\"true\" aria-invalid=\"false\" placeholder=\"Email\" value=\"\" type=\"email\" name=\"your-email\" \/><\/span>\n\t\t<\/p>\n\t<\/div>\n\t<div class=\"flex-col\">\n\t\t<p><input type=\"submit\" value=\"Subscribe\" class=\"button-sec submit-nl expand\" \/>\n\t\t<\/p>\n\t<\/div>\n<\/div><div class=\"wpcf7-response-output\" aria-hidden=\"true\"><\/div>\n<input type=\"hidden\" name=\"trp-form-language\" value=\"en\"\/><\/form>\n<\/div>\n\n\n\n\t\t<\/div>\n\t\t\t\t\t<\/div>\n\n\t\n\n<\/div>\n\n<\/div><\/div><\/div>","protected":false},"excerpt":{"rendered":"","protected":false},"author":3,"featured_media":0,"parent":0,"menu_order":5,"comment_status":"closed","ping_status":"closed","template":"page-transparent-header-light.php","meta":{"footnotes":""},"class_list":["post-1509","page","type-page","status-publish","hentry"],"yoast_head":"<!-- This site is optimized with the Yoast SEO plugin v25.8 - https:\/\/yoast.com\/wordpress\/plugins\/seo\/ -->\n<title>Blog | Constru Kom 321 | Consultoria em engenharia e constru\u00e7\u00e3o civil<\/title>\n<meta name=\"description\" content=\"Descubra nesta p\u00e1gina dicas \u00fateis, guias explicativos e as not\u00edcias mais recentes da Constru Kom 321. Consulte-nos!\" \/>\n<meta name=\"robots\" content=\"index, follow, max-snippet:-1, max-image-preview:large, max-video-preview:-1\" \/>\n<link rel=\"canonical\" href=\"https:\/\/construkom.pt\/en\/blog\/\" \/>\n<meta property=\"og:locale\" content=\"en_US\" \/>\n<meta property=\"og:type\" content=\"article\" \/>\n<meta property=\"og:title\" content=\"Blog | Constru Kom 321 | Consultoria em engenharia e constru\u00e7\u00e3o civil\" \/>\n<meta property=\"og:description\" content=\"Descubra nesta p\u00e1gina dicas \u00fateis, guias explicativos e as not\u00edcias mais recentes da Constru Kom 321. Consulte-nos!\" \/>\n<meta property=\"og:url\" content=\"https:\/\/construkom.pt\/en\/blog\/\" \/>\n<meta property=\"og:site_name\" content=\"Constru Kom 321\" \/>\n<meta property=\"article:publisher\" content=\"https:\/\/www.facebook.com\/construkom321\/\" \/>\n<meta property=\"article:modified_time\" content=\"2025-01-29T16:51:37+00:00\" \/>\n<meta name=\"twitter:card\" content=\"summary_large_image\" \/>\n<meta name=\"twitter:label1\" content=\"Est. reading time\" \/>\n\t<meta name=\"twitter:data1\" content=\"1 minute\" \/>\n<script type=\"application\/ld+json\" class=\"yoast-schema-graph\">{\"@context\":\"https:\/\/schema.org\",\"@graph\":[{\"@type\":\"WebPage\",\"@id\":\"https:\/\/construkom.pt\/blog\/\",\"url\":\"https:\/\/construkom.pt\/blog\/\",\"name\":\"Blog | Constru Kom 321 | Consultoria em engenharia e constru\u00e7\u00e3o civil\",\"isPartOf\":{\"@id\":\"https:\/\/construkom.pt\/#website\"},\"datePublished\":\"2024-06-03T17:07:03+00:00\",\"dateModified\":\"2025-01-29T16:51:37+00:00\",\"description\":\"Descubra nesta p\u00e1gina dicas \u00fateis, guias explicativos e as not\u00edcias mais recentes da Constru Kom 321. Consulte-nos!\",\"breadcrumb\":{\"@id\":\"https:\/\/construkom.pt\/blog\/#breadcrumb\"},\"inLanguage\":\"en-US\",\"potentialAction\":[{\"@type\":\"ReadAction\",\"target\":[\"https:\/\/construkom.pt\/blog\/\"]}]},{\"@type\":\"BreadcrumbList\",\"@id\":\"https:\/\/construkom.pt\/blog\/#breadcrumb\",\"itemListElement\":[{\"@type\":\"ListItem\",\"position\":1,\"name\":\"In\u00edcio\",\"item\":\"https:\/\/construkom.pt\/\"},{\"@type\":\"ListItem\",\"position\":2,\"name\":\"Blog\"}]},{\"@type\":\"WebSite\",\"@id\":\"https:\/\/construkom.pt\/#website\",\"url\":\"https:\/\/construkom.pt\/\",\"name\":\"Constru Kom 321\",\"description\":\"Consultoria em engenharia e constru\u00e7\u00e3o civil em Gr\u00e2ndola\",\"publisher\":{\"@id\":\"https:\/\/construkom.pt\/#organization\"},\"potentialAction\":[{\"@type\":\"SearchAction\",\"target\":{\"@type\":\"EntryPoint\",\"urlTemplate\":\"https:\/\/construkom.pt\/?s={search_term_string}\"},\"query-input\":{\"@type\":\"PropertyValueSpecification\",\"valueRequired\":true,\"valueName\":\"search_term_string\"}}],\"inLanguage\":\"en-US\"},{\"@type\":\"Organization\",\"@id\":\"https:\/\/construkom.pt\/#organization\",\"name\":\"Constru Kom 321\",\"url\":\"https:\/\/construkom.pt\/\",\"logo\":{\"@type\":\"ImageObject\",\"inLanguage\":\"en-US\",\"@id\":\"https:\/\/construkom.pt\/#\/schema\/logo\/image\/\",\"url\":\"https:\/\/construkom.pt\/wp-content\/uploads\/2024\/06\/logo1.png\",\"contentUrl\":\"https:\/\/construkom.pt\/wp-content\/uploads\/2024\/06\/logo1.png\",\"width\":400,\"height\":81,\"caption\":\"Constru Kom 321\"},\"image\":{\"@id\":\"https:\/\/construkom.pt\/#\/schema\/logo\/image\/\"},\"sameAs\":[\"https:\/\/www.facebook.com\/construkom321\/\"]}]}<\/script>\n<!-- \/ Yoast SEO plugin. -->","yoast_head_json":{"title":"Blog | Constru Kom 321 | Consultoria em engenharia e constru\u00e7\u00e3o civil","description":"Descubra nesta p\u00e1gina dicas \u00fateis, guias explicativos e as not\u00edcias mais recentes da Constru Kom 321. Consulte-nos!","robots":{"index":"index","follow":"follow","max-snippet":"max-snippet:-1","max-image-preview":"max-image-preview:large","max-video-preview":"max-video-preview:-1"},"canonical":"https:\/\/construkom.pt\/en\/blog\/","og_locale":"en_US","og_type":"article","og_title":"Blog | Constru Kom 321 | Consultoria em engenharia e constru\u00e7\u00e3o civil","og_description":"Descubra nesta p\u00e1gina dicas \u00fateis, guias explicativos e as not\u00edcias mais recentes da Constru Kom 321. Consulte-nos!","og_url":"https:\/\/construkom.pt\/en\/blog\/","og_site_name":"Constru Kom 321","article_publisher":"https:\/\/www.facebook.com\/construkom321\/","article_modified_time":"2025-01-29T16:51:37+00:00","twitter_card":"summary_large_image","twitter_misc":{"Est. reading time":"1 minute"},"schema":{"@context":"https:\/\/schema.org","@graph":[{"@type":"WebPage","@id":"https:\/\/construkom.pt\/blog\/","url":"https:\/\/construkom.pt\/blog\/","name":"Blog | Constru Kom 321 | Consultoria em engenharia e constru\u00e7\u00e3o civil","isPartOf":{"@id":"https:\/\/construkom.pt\/#website"},"datePublished":"2024-06-03T17:07:03+00:00","dateModified":"2025-01-29T16:51:37+00:00","description":"Descubra nesta p\u00e1gina dicas \u00fateis, guias explicativos e as not\u00edcias mais recentes da Constru Kom 321. Consulte-nos!","breadcrumb":{"@id":"https:\/\/construkom.pt\/blog\/#breadcrumb"},"inLanguage":"en-US","potentialAction":[{"@type":"ReadAction","target":["https:\/\/construkom.pt\/blog\/"]}]},{"@type":"BreadcrumbList","@id":"https:\/\/construkom.pt\/blog\/#breadcrumb","itemListElement":[{"@type":"ListItem","position":1,"name":"In\u00edcio","item":"https:\/\/construkom.pt\/"},{"@type":"ListItem","position":2,"name":"Blog"}]},{"@type":"WebSite","@id":"https:\/\/construkom.pt\/#website","url":"https:\/\/construkom.pt\/","name":"Constru Kom 321","description":"Consultoria em engenharia e constru\u00e7\u00e3o civil em Gr\u00e2ndola","publisher":{"@id":"https:\/\/construkom.pt\/#organization"},"potentialAction":[{"@type":"SearchAction","target":{"@type":"EntryPoint","urlTemplate":"https:\/\/construkom.pt\/?s={search_term_string}"},"query-input":{"@type":"PropertyValueSpecification","valueRequired":true,"valueName":"search_term_string"}}],"inLanguage":"en-US"},{"@type":"Organization","@id":"https:\/\/construkom.pt\/#organization","name":"Constru Kom 321","url":"https:\/\/construkom.pt\/","logo":{"@type":"ImageObject","inLanguage":"en-US","@id":"https:\/\/construkom.pt\/#\/schema\/logo\/image\/","url":"https:\/\/construkom.pt\/wp-content\/uploads\/2024\/06\/logo1.png","contentUrl":"https:\/\/construkom.pt\/wp-content\/uploads\/2024\/06\/logo1.png","width":400,"height":81,"caption":"Constru Kom 321"},"image":{"@id":"https:\/\/construkom.pt\/#\/schema\/logo\/image\/"},"sameAs":["https:\/\/www.facebook.com\/construkom321\/"]}]}},"_links":{"self":[{"href":"https:\/\/construkom.pt\/en\/wp-json\/wp\/v2\/pages\/1509","targetHints":{"allow":["GET"]}}],"collection":[{"href":"https:\/\/construkom.pt\/en\/wp-json\/wp\/v2\/pages"}],"about":[{"href":"https:\/\/construkom.pt\/en\/wp-json\/wp\/v2\/types\/page"}],"author":[{"embeddable":true,"href":"https:\/\/construkom.pt\/en\/wp-json\/wp\/v2\/users\/3"}],"replies":[{"embeddable":true,"href":"https:\/\/construkom.pt\/en\/wp-json\/wp\/v2\/comments?post=1509"}],"version-history":[{"count":27,"href":"https:\/\/construkom.pt\/en\/wp-json\/wp\/v2\/pages\/1509\/revisions"}],"predecessor-version":[{"id":2874,"href":"https:\/\/construkom.pt\/en\/wp-json\/wp\/v2\/pages\/1509\/revisions\/2874"}],"wp:attachment":[{"href":"https:\/\/construkom.pt\/en\/wp-json\/wp\/v2\/media?parent=1509"}],"curies":[{"name":"wp","href":"https:\/\/api.w.org\/{rel}","templated":true}]}}