{"id":405,"date":"2024-05-23T14:51:10","date_gmt":"2024-05-23T14:51:10","guid":{"rendered":"https:\/\/construkom.pt\/?page_id=405"},"modified":"2025-01-29T16:27:51","modified_gmt":"2025-01-29T16:27:51","slug":"sobre-nos","status":"publish","type":"page","link":"https:\/\/construkom.pt\/en\/sobre-nos\/","title":{"rendered":"About Us"},"content":{"rendered":"<section class=\"section has-parallax\" id=\"section_330980509\">\n\t\t<div class=\"section-bg fill\" data-parallax-container=\".section\" data-parallax-background data-parallax=\"-3\">\n\t\t\t<img loading=\"lazy\" decoding=\"async\" width=\"1440\" height=\"674\" src=\"https:\/\/construkom.pt\/wp-content\/uploads\/2024\/05\/pexels-jeshootscom-834892-1.png\" class=\"bg attachment- size-\" alt=\"\" \/>\t\t\t\t\t\t<div class=\"section-bg-overlay absolute fill\"><\/div>\n\t\t\t\n\n\t\t<\/div>\n\n\t\t\n\n\t\t<div class=\"section-content relative\">\n\t\t\t\n\n\t<div id=\"gap-802122906\" class=\"gap-element clearfix\" style=\"display:block; height:auto;\">\n\t\t\n<style>\n#gap-802122906 {\n  padding-top: 180px;\n}\n@media (min-width:550px) {\n  #gap-802122906 {\n    padding-top: 240px;\n  }\n}\n<\/style>\n\t<\/div>\n\t\n\n<div class=\"row\"  id=\"row-992808757\">\n\n\n\t<div id=\"col-1259607964\" class=\"col medium-9 small-12 large-9\"  data-animate=\"blurIn\">\n\t\t\t\t<div class=\"col-inner text-left\"  data-parallax-fade=\"true\" data-parallax=\"3\">\n\t\t\t\n\t\t\t\n\n\t<div id=\"text-3569261037\" class=\"text\">\n\t\t\n\n<h1><strong>About Us<\/strong><\/h1>\n\t\t\n<style>\n#text-3569261037 {\n  font-size: 1.5rem;\n  text-align: center;\n  color: rgb(255, 255, 255);\n}\n#text-3569261037 > * {\n  color: rgb(255, 255, 255);\n}\n@media (min-width:550px) {\n  #text-3569261037 {\n    text-align: left;\n  }\n}\n<\/style>\n\t<\/div>\n\t\n\t<div id=\"text-3293230433\" class=\"text\">\n\t\t\n\n<p>With years of experience, our qualified team delivers high-quality results, focusing on customer satisfaction. Discover everything about our Company on this page.<\/p>\n\t\t\n<style>\n#text-3293230433 {\n  font-size: 1.2rem;\n  line-height: 1.4;\n  text-align: center;\n  color: rgb(255, 255, 255);\n}\n#text-3293230433 > * {\n  color: rgb(255, 255, 255);\n}\n@media (min-width:550px) {\n  #text-3293230433 {\n    text-align: left;\n  }\n}\n<\/style>\n\t<\/div>\n\t\n\n\t\t<\/div>\n\t\t\t\t\n<style>\n#col-1259607964 > .col-inner {\n  padding: 0px 20px 0px 20px;\n  margin: 0px 0px -50px 0px;\n}\n@media (min-width:550px) {\n  #col-1259607964 > .col-inner {\n    padding: 0px 0px 0px 20px;\n  }\n}\n@media (min-width:850px) {\n  #col-1259607964 > .col-inner {\n    padding: 0px 0px 0px 0px;\n  }\n}\n<\/style>\n\t<\/div>\n\n\t\n\n<\/div>\n\n\t\t<\/div>\n\n\t\t\n<style>\n#section_330980509 {\n  padding-top: 50px;\n  padding-bottom: 50px;\n}\n#section_330980509 .section-bg-overlay {\n  background-color: rgba(76, 95, 106, 0.6);\n}\n#section_330980509 .section-bg img {\n  object-position: 24% 21%;\n}\n<\/style>\n\t<\/section>\n\t\n\n\t<section class=\"section\" id=\"section_1264352520\">\n\t\t<div class=\"section-bg fill\" >\n\t\t\t\t\t\t\t\t\t\n\t\t\t\n\n\t\t<\/div>\n\n\t\t\n\n\t\t<div class=\"section-content relative\">\n\t\t\t\n\n\t<div id=\"gap-1918665397\" class=\"gap-element clearfix\" style=\"display:block; height:auto;\">\n\t\t\n<style>\n#gap-1918665397 {\n  padding-top: 50px;\n}\n@media (min-width:550px) {\n  #gap-1918665397 {\n    padding-top: 90px;\n  }\n}\n<\/style>\n\t<\/div>\n\t\n\n<div class=\"row align-equal align-center\"  id=\"row-1275297498\">\n\n\n\t<div id=\"col-1793883431\" class=\"col medium-6 small-12 large-6\"  data-animate=\"fadeInUp\">\n\t\t\t\t<div class=\"col-inner text-left\" style=\"background-color:#4c5f6a;\" data-parallax-fade=\"true\" data-parallax=\"1\">\n\t\t\t\n\t\t\t\n\n\n\t\t<div class=\"icon-box featured-box icon-box-top text-left\"  >\n\t\t\t\t\t<div class=\"icon-box-img\" style=\"width: 60px\">\n\t\t\t\t<div class=\"icon\">\n\t\t\t\t\t<div class=\"icon-inner\" >\n\t\t\t\t\t\t<img loading=\"lazy\" decoding=\"async\" width=\"1\" height=\"1\" src=\"https:\/\/construkom.pt\/wp-content\/uploads\/2024\/05\/icon6.svg\" class=\"attachment-medium size-medium\" alt=\"\" \/>\t\t\t\t\t<\/div>\n\t\t\t\t<\/div>\n\t\t\t<\/div>\n\t\t\t\t<div class=\"icon-box-text last-reset\">\n\t\t\t\t\t\t\t\t\t\n\n\t<div id=\"text-779305498\" class=\"text\">\n\t\t\n\n<h3><strong>Who are we?<\/strong><\/h3>\n\t\t\n<style>\n#text-779305498 {\n  font-size: 1.3rem;\n  color: rgb(255, 255, 255);\n}\n#text-779305498 > * {\n  color: rgb(255, 255, 255);\n}\n<\/style>\n\t<\/div>\n\t\n\t<div id=\"text-3340250345\" class=\"text\">\n\t\t\n\n<p class=\"translation-block\">Constru Kom was founded in 2009 and is a <strong>consulting company<\/strong> in engineering and civil construction, based on a <strong>long experience<\/strong> acquired in the construction and rehabilitation of buildings.<\/p>\n\t\t\n<style>\n#text-3340250345 {\n  color: rgb(255, 255, 255);\n}\n#text-3340250345 > * {\n  color: rgb(255, 255, 255);\n}\n<\/style>\n\t<\/div>\n\t\n\t<div id=\"gap-586592503\" class=\"gap-element clearfix\" style=\"display:block; height:auto;\">\n\t\t\n<style>\n#gap-586592503 {\n  padding-top: 30px;\n}\n<\/style>\n\t<\/div>\n\t\n\n\n\t\t<\/div>\n\t<\/div>\n\t\n\t\n<a href=\"\/en\/sobre-nos\/quem-somos\/\" class=\"button secondary is-large\" style=\"border-radius:4px;\">\n\t\t<span>Read more<\/span>\n\t<\/a>\n\n\n\n\t\t<\/div>\n\t\t\t\t\t<\/div>\n\n\t\n\n\t<div id=\"col-1394843861\" class=\"col medium-6 small-12 large-6\"  data-animate=\"fadeInUp\">\n\t\t\t\t<div class=\"col-inner\" style=\"background-color:#4c5f6a;\" data-parallax-fade=\"true\" data-parallax=\"1\">\n\t\t\t\n\t\t\t\n\n\n\t\t<div class=\"icon-box featured-box icon-box-top text-left\"  >\n\t\t\t\t\t<div class=\"icon-box-img\" style=\"width: 60px\">\n\t\t\t\t<div class=\"icon\">\n\t\t\t\t\t<div class=\"icon-inner\" >\n\t\t\t\t\t\t<img loading=\"lazy\" decoding=\"async\" width=\"1\" height=\"1\" src=\"https:\/\/construkom.pt\/wp-content\/uploads\/2024\/05\/icon7.svg\" class=\"attachment-medium size-medium\" alt=\"\" \/>\t\t\t\t\t<\/div>\n\t\t\t\t<\/div>\n\t\t\t<\/div>\n\t\t\t\t<div class=\"icon-box-text last-reset\">\n\t\t\t\t\t\t\t\t\t\n\n\t<div id=\"text-3261902528\" class=\"text\">\n\t\t\n\n<h3><strong>Testimonials<\/strong><\/h3>\n\t\t\n<style>\n#text-3261902528 {\n  font-size: 1.3rem;\n  color: rgb(255, 255, 255);\n}\n#text-3261902528 > * {\n  color: rgb(255, 255, 255);\n}\n<\/style>\n\t<\/div>\n\t\n\t<div id=\"text-3003905789\" class=\"text\">\n\t\t\n\n<p>Find here reports from satisfied clients who shared their positive experiences with our consultancy services.<\/p>\n\t\t\n<style>\n#text-3003905789 {\n  color: rgb(255, 255, 255);\n}\n#text-3003905789 > * {\n  color: rgb(255, 255, 255);\n}\n<\/style>\n\t<\/div>\n\t\n\t<div id=\"gap-1403705995\" class=\"gap-element clearfix\" style=\"display:block; height:auto;\">\n\t\t\n<style>\n#gap-1403705995 {\n  padding-top: 30px;\n}\n<\/style>\n\t<\/div>\n\t\n\n\n\t\t<\/div>\n\t<\/div>\n\t\n\t\n<a href=\"\/en\/sobre-nos\/testemunhos\/\" class=\"button secondary is-large\" style=\"border-radius:4px;\">\n\t\t<span>Read more<\/span>\n\t<\/a>\n\n\n\n\t\t<\/div>\n\t\t\t\t\t<\/div>\n\n\t\n\n\n<style>\n#row-1275297498 > .col > .col-inner {\n  padding: 40px 40px 40px 40px;\n}\n<\/style>\n<\/div>\n<div class=\"row align-equal align-center\"  id=\"row-151057732\">\n\n\n\t<div id=\"col-1470884276\" class=\"col medium-6 small-12 large-6\"  data-animate=\"fadeInUp\">\n\t\t\t\t<div class=\"col-inner\" style=\"background-color:#4c5f6a;\" data-parallax-fade=\"true\" data-parallax=\"1\">\n\t\t\t\n\t\t\t\n\n\n\t\t<div class=\"icon-box featured-box icon-box-top text-left\"  >\n\t\t\t\t\t<div class=\"icon-box-img\" style=\"width: 60px\">\n\t\t\t\t<div class=\"icon\">\n\t\t\t\t\t<div class=\"icon-inner\" >\n\t\t\t\t\t\t<img loading=\"lazy\" decoding=\"async\" width=\"1\" height=\"1\" src=\"https:\/\/construkom.pt\/wp-content\/uploads\/2024\/05\/icon8.svg\" class=\"attachment-medium size-medium\" alt=\"\" \/>\t\t\t\t\t<\/div>\n\t\t\t\t<\/div>\n\t\t\t<\/div>\n\t\t\t\t<div class=\"icon-box-text last-reset\">\n\t\t\t\t\t\t\t\t\t\n\n\t<div id=\"text-4068168390\" class=\"text\">\n\t\t\n\n<h3><strong>Mission, Vision, Values and Commitments<\/strong><\/h3>\n\t\t\n<style>\n#text-4068168390 {\n  font-size: 1.3rem;\n  color: rgb(255, 255, 255);\n}\n#text-4068168390 > * {\n  color: rgb(255, 255, 255);\n}\n<\/style>\n\t<\/div>\n\t\n\t<div id=\"text-2308237744\" class=\"text\">\n\t\t\n\n<p class=\"translation-block\">Constru Kom is a service company whose mission is to help clients to make <strong>decisions based on technical knowledge<\/strong> before building or remodeling their homes.<\/p>\n\t\t\n<style>\n#text-2308237744 {\n  color: rgb(255, 255, 255);\n}\n#text-2308237744 > * {\n  color: rgb(255, 255, 255);\n}\n<\/style>\n\t<\/div>\n\t\n\t<div id=\"gap-1182561184\" class=\"gap-element clearfix\" style=\"display:block; height:auto;\">\n\t\t\n<style>\n#gap-1182561184 {\n  padding-top: 30px;\n}\n<\/style>\n\t<\/div>\n\t\n\n\n\t\t<\/div>\n\t<\/div>\n\t\n\t\n<a href=\"\/en\/sobre-nos\/missao-visao-valores-e-compromissos\/\" class=\"button secondary is-large\" style=\"border-radius:4px;\">\n\t\t<span>Read more<\/span>\n\t<\/a>\n\n\n\n\t\t<\/div>\n\t\t\t\t\t<\/div>\n\n\t\n\n\t<div id=\"col-1059955464\" class=\"col medium-6 small-12 large-6\"  data-animate=\"fadeInUp\">\n\t\t\t\t<div class=\"col-inner\" style=\"background-color:#4c5f6a;\" data-parallax-fade=\"true\" data-parallax=\"1\">\n\t\t\t\n\t\t\t\n\n\n\t\t<div class=\"icon-box featured-box icon-box-top text-left\"  >\n\t\t\t\t\t<div class=\"icon-box-img\" style=\"width: 60px\">\n\t\t\t\t<div class=\"icon\">\n\t\t\t\t\t<div class=\"icon-inner\" >\n\t\t\t\t\t\t<img loading=\"lazy\" decoding=\"async\" width=\"1\" height=\"1\" src=\"https:\/\/construkom.pt\/wp-content\/uploads\/2024\/05\/icon9.svg\" class=\"attachment-medium size-medium\" alt=\"\" \/>\t\t\t\t\t<\/div>\n\t\t\t\t<\/div>\n\t\t\t<\/div>\n\t\t\t\t<div class=\"icon-box-text last-reset\">\n\t\t\t\t\t\t\t\t\t\n\n\t<div id=\"text-1312962656\" class=\"text\">\n\t\t\n\n<h3><strong>History<\/strong><\/h3>\n\t\t\n<style>\n#text-1312962656 {\n  font-size: 1.3rem;\n  color: rgb(255, 255, 255);\n}\n#text-1312962656 > * {\n  color: rgb(255, 255, 255);\n}\n<\/style>\n\t<\/div>\n\t\n\t<div id=\"text-1015034258\" class=\"text\">\n\t\t\n\n<p>The interest and dedication to construction began in 1987, when Mr. Manuel dos Santos Guerreiro founded the company: Manuel dos Santos Guerreiro Revestimentos e Decora\u00e7\u00f5es in Gr\u00e2ndola.<\/p>\n\t\t\n<style>\n#text-1015034258 {\n  color: rgb(255, 255, 255);\n}\n#text-1015034258 > * {\n  color: rgb(255, 255, 255);\n}\n<\/style>\n\t<\/div>\n\t\n\t<div id=\"gap-452673515\" class=\"gap-element clearfix\" style=\"display:block; height:auto;\">\n\t\t\n<style>\n#gap-452673515 {\n  padding-top: 30px;\n}\n<\/style>\n\t<\/div>\n\t\n\n\n\t\t<\/div>\n\t<\/div>\n\t\n\t\n<a href=\"\/en\/sobre-nos\/historia\/\" class=\"button secondary is-large\" style=\"border-radius:4px;\">\n\t\t<span>Read more<\/span>\n\t<\/a>\n\n\n\n\t\t<\/div>\n\t\t\t\t\t<\/div>\n\n\t\n\n\n<style>\n#row-151057732 > .col > .col-inner {\n  padding: 40px 40px 40px 40px;\n}\n<\/style>\n<\/div>\n\t<div id=\"gap-838211604\" class=\"gap-element clearfix\" style=\"display:block; height:auto;\">\n\t\t\n<style>\n#gap-838211604 {\n  padding-top: 30px;\n}\n<\/style>\n\t<\/div>\n\t\n\n\n\t\t<\/div>\n\n\t\t\n<style>\n#section_1264352520 {\n  padding-top: 30px;\n  padding-bottom: 30px;\n  background-color: rgb(255, 255, 255);\n}\n<\/style>\n\t<\/section>\n\t\n<div class=\"message-box relative\" style=\"padding-top:30px;padding-bottom:30px;\"><div class=\"message-box-bg-image bg-fill fill\" ><\/div><div class=\"message-box-bg-overlay bg-fill fill\" style=\"background-color:rgb(210, 222, 228);\"><\/div><div class=\"container relative\"><div class=\"inner last-reset\">\n\n<div class=\"row row-collapse align-middle\"  id=\"row-720758340\">\n\n\n\t<div id=\"col-1003746197\" class=\"col medium-7 small-12 large-7\"  >\n\t\t\t\t<div class=\"col-inner text-left\"  >\n\t\t\t\n\t\t\t\n\n\t<div id=\"text-2654221156\" class=\"text\">\n\t\t\n\n<h3><strong>Stay up to date with the news!<\/strong><\/h3>\n\t\t\n<style>\n#text-2654221156 {\n  font-size: 1.2rem;\n  text-align: center;\n  color: rgb(76, 95, 106);\n}\n#text-2654221156 > * {\n  color: rgb(76, 95, 106);\n}\n@media (min-width:550px) {\n  #text-2654221156 {\n    font-size: 1.2rem;\n    text-align: left;\n  }\n}\n@media (min-width:850px) {\n  #text-2654221156 {\n    font-size: 1.4rem;\n  }\n}\n<\/style>\n\t<\/div>\n\t\n\n\t\t<\/div>\n\t\t\t\t\n<style>\n#col-1003746197 > .col-inner {\n  margin: 0px 0px -15px 0px;\n}\n<\/style>\n\t<\/div>\n\n\t\n\n\t<div id=\"col-124736131\" class=\"col medium-5 small-12 large-5\"  >\n\t\t\t\t<div class=\"col-inner text-center\"  >\n\t\t\t\n\t\t\t\n\n\t<div id=\"gap-1701606018\" class=\"gap-element clearfix\" style=\"display:block; height:auto;\">\n\t\t\n<style>\n#gap-1701606018 {\n  padding-top: 30px;\n}\n@media (min-width:550px) {\n  #gap-1701606018 {\n    padding-top: 0px;\n  }\n}\n@media (min-width:850px) {\n  #gap-1701606018 {\n    padding-top: 0px;\n  }\n}\n<\/style>\n\t<\/div>\n\t\n\n\n<div class=\"wpcf7 no-js\" id=\"wpcf7-f1787-o1\" lang=\"pt-PT\" dir=\"ltr\" data-wpcf7-id=\"1787\">\n<div class=\"screen-reader-response\"><p role=\"status\" aria-live=\"polite\" aria-atomic=\"true\"><\/p> <ul><\/ul><\/div>\n<form action=\"\/en\/wp-json\/wp\/v2\/pages\/405#wpcf7-f1787-o1\" method=\"post\" class=\"wpcf7-form init\" aria-label=\"Formul\u00e1rio de contacto\" novalidate=\"novalidate\" data-status=\"init\" data-trp-original-action=\"\/en\/wp-json\/wp\/v2\/pages\/405#wpcf7-f1787-o1\">\n<fieldset class=\"hidden-fields-container\"><input type=\"hidden\" name=\"_wpcf7\" value=\"1787\" \/><input type=\"hidden\" name=\"_wpcf7_version\" value=\"6.1.1\" \/><input type=\"hidden\" name=\"_wpcf7_locale\" value=\"pt_PT\" \/><input type=\"hidden\" name=\"_wpcf7_unit_tag\" value=\"wpcf7-f1787-o1\" \/><input type=\"hidden\" name=\"_wpcf7_container_post\" value=\"0\" \/><input type=\"hidden\" name=\"_wpcf7_posted_data_hash\" value=\"\" \/><input type=\"hidden\" name=\"_wpcf7_recaptcha_response\" value=\"\" \/>\n<\/fieldset>\n<div class=\"flex-row medium-flex-wrap\">\n\t<div class=\"flex-col flex-grow\">\n\t\t<p><span class=\"wpcf7-form-control-wrap\" data-name=\"your-email\"><input size=\"40\" maxlength=\"400\" class=\"wpcf7-form-control wpcf7-email wpcf7-validates-as-required wpcf7-text wpcf7-validates-as-email\" aria-required=\"true\" aria-invalid=\"false\" placeholder=\"Email\" value=\"\" type=\"email\" name=\"your-email\" \/><\/span>\n\t\t<\/p>\n\t<\/div>\n\t<div class=\"flex-col\">\n\t\t<p><input type=\"submit\" value=\"Subscribe\" class=\"button-sec submit-nl expand\" \/>\n\t\t<\/p>\n\t<\/div>\n<\/div><div class=\"wpcf7-response-output\" aria-hidden=\"true\"><\/div>\n<input type=\"hidden\" name=\"trp-form-language\" value=\"en\"\/><\/form>\n<\/div>\n\n\n\n\t\t<\/div>\n\t\t\t\t\t<\/div>\n\n\t\n\n<\/div>\n\n<\/div><\/div><\/div>","protected":false},"excerpt":{"rendered":"","protected":false},"author":3,"featured_media":0,"parent":0,"menu_order":2,"comment_status":"closed","ping_status":"closed","template":"page-transparent-header-light.php","meta":{"footnotes":""},"class_list":["post-405","page","type-page","status-publish","hentry"],"yoast_head":"<!-- This site is optimized with the Yoast SEO plugin v25.8 - https:\/\/yoast.com\/wordpress\/plugins\/seo\/ -->\n<title>Sobre n\u00f3s | Constru Kom 321 | Consultoria em engenharia e constru\u00e7\u00e3o civil<\/title>\n<meta name=\"description\" content=\"Com anos de experi\u00eancia, a nossa equipa qualificada entrega resultados de alta qualidade, com foco na satisfa\u00e7\u00e3o do cliente. Descubra nesta p\u00e1gina tudo sobre a nossa empresa.\" \/>\n<meta name=\"robots\" content=\"index, follow, max-snippet:-1, max-image-preview:large, max-video-preview:-1\" \/>\n<link rel=\"canonical\" href=\"https:\/\/construkom.pt\/en\/sobre-nos\/\" \/>\n<meta property=\"og:locale\" content=\"en_US\" \/>\n<meta property=\"og:type\" content=\"article\" \/>\n<meta property=\"og:title\" content=\"Sobre n\u00f3s | Constru Kom 321 | Consultoria em engenharia e constru\u00e7\u00e3o civil\" \/>\n<meta property=\"og:description\" content=\"Com anos de experi\u00eancia, a nossa equipa qualificada entrega resultados de alta qualidade, com foco na satisfa\u00e7\u00e3o do cliente. Descubra nesta p\u00e1gina tudo sobre a nossa empresa.\" \/>\n<meta property=\"og:url\" content=\"https:\/\/construkom.pt\/en\/sobre-nos\/\" \/>\n<meta property=\"og:site_name\" content=\"Constru Kom 321\" \/>\n<meta property=\"article:publisher\" content=\"https:\/\/www.facebook.com\/construkom321\/\" \/>\n<meta property=\"article:modified_time\" content=\"2025-01-29T16:27:51+00:00\" \/>\n<meta name=\"twitter:card\" content=\"summary_large_image\" \/>\n<meta name=\"twitter:label1\" content=\"Est. reading time\" \/>\n\t<meta name=\"twitter:data1\" content=\"2 minutes\" \/>\n<script type=\"application\/ld+json\" class=\"yoast-schema-graph\">{\"@context\":\"https:\/\/schema.org\",\"@graph\":[{\"@type\":\"WebPage\",\"@id\":\"https:\/\/construkom.pt\/sobre-nos\/\",\"url\":\"https:\/\/construkom.pt\/sobre-nos\/\",\"name\":\"Sobre n\u00f3s | Constru Kom 321 | Consultoria em engenharia e constru\u00e7\u00e3o civil\",\"isPartOf\":{\"@id\":\"https:\/\/construkom.pt\/#website\"},\"datePublished\":\"2024-05-23T14:51:10+00:00\",\"dateModified\":\"2025-01-29T16:27:51+00:00\",\"description\":\"Com anos de experi\u00eancia, a nossa equipa qualificada entrega resultados de alta qualidade, com foco na satisfa\u00e7\u00e3o do cliente. Descubra nesta p\u00e1gina tudo sobre a nossa empresa.\",\"breadcrumb\":{\"@id\":\"https:\/\/construkom.pt\/sobre-nos\/#breadcrumb\"},\"inLanguage\":\"en-US\",\"potentialAction\":[{\"@type\":\"ReadAction\",\"target\":[\"https:\/\/construkom.pt\/sobre-nos\/\"]}]},{\"@type\":\"BreadcrumbList\",\"@id\":\"https:\/\/construkom.pt\/sobre-nos\/#breadcrumb\",\"itemListElement\":[{\"@type\":\"ListItem\",\"position\":1,\"name\":\"In\u00edcio\",\"item\":\"https:\/\/construkom.pt\/\"},{\"@type\":\"ListItem\",\"position\":2,\"name\":\"Sobre n\u00f3s\"}]},{\"@type\":\"WebSite\",\"@id\":\"https:\/\/construkom.pt\/#website\",\"url\":\"https:\/\/construkom.pt\/\",\"name\":\"Constru Kom 321\",\"description\":\"Consultoria em engenharia e constru\u00e7\u00e3o civil em Gr\u00e2ndola\",\"publisher\":{\"@id\":\"https:\/\/construkom.pt\/#organization\"},\"potentialAction\":[{\"@type\":\"SearchAction\",\"target\":{\"@type\":\"EntryPoint\",\"urlTemplate\":\"https:\/\/construkom.pt\/?s={search_term_string}\"},\"query-input\":{\"@type\":\"PropertyValueSpecification\",\"valueRequired\":true,\"valueName\":\"search_term_string\"}}],\"inLanguage\":\"en-US\"},{\"@type\":\"Organization\",\"@id\":\"https:\/\/construkom.pt\/#organization\",\"name\":\"Constru Kom 321\",\"url\":\"https:\/\/construkom.pt\/\",\"logo\":{\"@type\":\"ImageObject\",\"inLanguage\":\"en-US\",\"@id\":\"https:\/\/construkom.pt\/#\/schema\/logo\/image\/\",\"url\":\"https:\/\/construkom.pt\/wp-content\/uploads\/2024\/06\/logo1.png\",\"contentUrl\":\"https:\/\/construkom.pt\/wp-content\/uploads\/2024\/06\/logo1.png\",\"width\":400,\"height\":81,\"caption\":\"Constru Kom 321\"},\"image\":{\"@id\":\"https:\/\/construkom.pt\/#\/schema\/logo\/image\/\"},\"sameAs\":[\"https:\/\/www.facebook.com\/construkom321\/\"]}]}<\/script>\n<!-- \/ Yoast SEO plugin. -->","yoast_head_json":{"title":"Sobre n\u00f3s | Constru Kom 321 | Consultoria em engenharia e constru\u00e7\u00e3o civil","description":"Com anos de experi\u00eancia, a nossa equipa qualificada entrega resultados de alta qualidade, com foco na satisfa\u00e7\u00e3o do cliente. Descubra nesta p\u00e1gina tudo sobre a nossa empresa.","robots":{"index":"index","follow":"follow","max-snippet":"max-snippet:-1","max-image-preview":"max-image-preview:large","max-video-preview":"max-video-preview:-1"},"canonical":"https:\/\/construkom.pt\/en\/sobre-nos\/","og_locale":"en_US","og_type":"article","og_title":"Sobre n\u00f3s | Constru Kom 321 | Consultoria em engenharia e constru\u00e7\u00e3o civil","og_description":"Com anos de experi\u00eancia, a nossa equipa qualificada entrega resultados de alta qualidade, com foco na satisfa\u00e7\u00e3o do cliente. Descubra nesta p\u00e1gina tudo sobre a nossa empresa.","og_url":"https:\/\/construkom.pt\/en\/sobre-nos\/","og_site_name":"Constru Kom 321","article_publisher":"https:\/\/www.facebook.com\/construkom321\/","article_modified_time":"2025-01-29T16:27:51+00:00","twitter_card":"summary_large_image","twitter_misc":{"Est. reading time":"2 minutes"},"schema":{"@context":"https:\/\/schema.org","@graph":[{"@type":"WebPage","@id":"https:\/\/construkom.pt\/sobre-nos\/","url":"https:\/\/construkom.pt\/sobre-nos\/","name":"Sobre n\u00f3s | Constru Kom 321 | Consultoria em engenharia e constru\u00e7\u00e3o civil","isPartOf":{"@id":"https:\/\/construkom.pt\/#website"},"datePublished":"2024-05-23T14:51:10+00:00","dateModified":"2025-01-29T16:27:51+00:00","description":"Com anos de experi\u00eancia, a nossa equipa qualificada entrega resultados de alta qualidade, com foco na satisfa\u00e7\u00e3o do cliente. Descubra nesta p\u00e1gina tudo sobre a nossa empresa.","breadcrumb":{"@id":"https:\/\/construkom.pt\/sobre-nos\/#breadcrumb"},"inLanguage":"en-US","potentialAction":[{"@type":"ReadAction","target":["https:\/\/construkom.pt\/sobre-nos\/"]}]},{"@type":"BreadcrumbList","@id":"https:\/\/construkom.pt\/sobre-nos\/#breadcrumb","itemListElement":[{"@type":"ListItem","position":1,"name":"In\u00edcio","item":"https:\/\/construkom.pt\/"},{"@type":"ListItem","position":2,"name":"Sobre n\u00f3s"}]},{"@type":"WebSite","@id":"https:\/\/construkom.pt\/#website","url":"https:\/\/construkom.pt\/","name":"Constru Kom 321","description":"Consultoria em engenharia e constru\u00e7\u00e3o civil em Gr\u00e2ndola","publisher":{"@id":"https:\/\/construkom.pt\/#organization"},"potentialAction":[{"@type":"SearchAction","target":{"@type":"EntryPoint","urlTemplate":"https:\/\/construkom.pt\/?s={search_term_string}"},"query-input":{"@type":"PropertyValueSpecification","valueRequired":true,"valueName":"search_term_string"}}],"inLanguage":"en-US"},{"@type":"Organization","@id":"https:\/\/construkom.pt\/#organization","name":"Constru Kom 321","url":"https:\/\/construkom.pt\/","logo":{"@type":"ImageObject","inLanguage":"en-US","@id":"https:\/\/construkom.pt\/#\/schema\/logo\/image\/","url":"https:\/\/construkom.pt\/wp-content\/uploads\/2024\/06\/logo1.png","contentUrl":"https:\/\/construkom.pt\/wp-content\/uploads\/2024\/06\/logo1.png","width":400,"height":81,"caption":"Constru Kom 321"},"image":{"@id":"https:\/\/construkom.pt\/#\/schema\/logo\/image\/"},"sameAs":["https:\/\/www.facebook.com\/construkom321\/"]}]}},"_links":{"self":[{"href":"https:\/\/construkom.pt\/en\/wp-json\/wp\/v2\/pages\/405","targetHints":{"allow":["GET"]}}],"collection":[{"href":"https:\/\/construkom.pt\/en\/wp-json\/wp\/v2\/pages"}],"about":[{"href":"https:\/\/construkom.pt\/en\/wp-json\/wp\/v2\/types\/page"}],"author":[{"embeddable":true,"href":"https:\/\/construkom.pt\/en\/wp-json\/wp\/v2\/users\/3"}],"replies":[{"embeddable":true,"href":"https:\/\/construkom.pt\/en\/wp-json\/wp\/v2\/comments?post=405"}],"version-history":[{"count":120,"href":"https:\/\/construkom.pt\/en\/wp-json\/wp\/v2\/pages\/405\/revisions"}],"predecessor-version":[{"id":2861,"href":"https:\/\/construkom.pt\/en\/wp-json\/wp\/v2\/pages\/405\/revisions\/2861"}],"wp:attachment":[{"href":"https:\/\/construkom.pt\/en\/wp-json\/wp\/v2\/media?parent=405"}],"curies":[{"name":"wp","href":"https:\/\/api.w.org\/{rel}","templated":true}]}}